{"id":4291,"date":"2025-10-16T20:34:22","date_gmt":"2025-10-16T19:34:22","guid":{"rendered":"https:\/\/www.ninasenecic.com\/?page_id=4291"},"modified":"2025-11-24T20:34:02","modified_gmt":"2025-11-24T19:34:02","slug":"usluge","status":"publish","type":"page","link":"https:\/\/www.ninasenecic.com\/hr\/usluge\/","title":{"rendered":"Usluge"},"content":{"rendered":"\t\t<div data-elementor-type=\"wp-page\" data-elementor-id=\"4291\" class=\"elementor elementor-4291\">\n\t\t\t\t<div class=\"elementor-element elementor-element-2d36eedd e-flex e-con-boxed wpr-particle-no wpr-jarallax-no wpr-parallax-no wpr-sticky-section-no e-con e-parent\" data-id=\"2d36eedd\" data-element_type=\"container\">\n\t\t\t\t\t<div class=\"e-con-inner\">\n\t\t\t\t<div class=\"elementor-element elementor-element-2ca331ec elementor-widget elementor-widget-heading\" data-id=\"2ca331ec\" data-element_type=\"widget\" data-widget_type=\"heading.default\">\n\t\t\t\t<div class=\"elementor-widget-container\">\n\t\t\t\t\t<h2 class=\"elementor-heading-title elementor-size-default\">Usluge<\/h2>\t\t\t\t<\/div>\n\t\t\t\t<\/div>\n\t\t\t\t\t<\/div>\n\t\t\t\t<\/div>\n\t\t<div class=\"elementor-element elementor-element-35e742b e-flex e-con-boxed wpr-particle-no wpr-jarallax-no wpr-parallax-no wpr-sticky-section-no e-con e-parent\" data-id=\"35e742b\" data-element_type=\"container\">\n\t\t\t\t\t<div class=\"e-con-inner\">\n\t\t<div class=\"elementor-element elementor-element-2b3910d e-grid e-con-full wpr-particle-no wpr-jarallax-no wpr-parallax-no wpr-sticky-section-no e-con e-child\" data-id=\"2b3910d\" data-element_type=\"container\" data-settings=\"{&quot;background_background&quot;:&quot;classic&quot;}\">\n\t\t<div class=\"elementor-element elementor-element-10da1bd e-con-full e-flex wpr-particle-no wpr-jarallax-no wpr-parallax-no wpr-sticky-section-no e-con e-child\" data-id=\"10da1bd\" data-element_type=\"container\">\n\t\t\t\t<div class=\"elementor-element elementor-element-0e06888 elementor-widget elementor-widget-heading\" data-id=\"0e06888\" data-element_type=\"widget\" data-widget_type=\"heading.default\">\n\t\t\t\t<div class=\"elementor-widget-container\">\n\t\t\t\t\t<h2 class=\"elementor-heading-title elementor-size-default\">Programi za osobni i profesionalni razvoj<\/h2>\t\t\t\t<\/div>\n\t\t\t\t<\/div>\n\t\t\t\t<div class=\"elementor-element elementor-element-25acb35 elementor-widget elementor-widget-text-editor\" data-id=\"25acb35\" data-element_type=\"widget\" data-widget_type=\"text-editor.default\">\n\t\t\t\t<div class=\"elementor-widget-container\">\n\t\t\t\t\t\t\t\t\t<p>Ako \u017eeli\u0161 dublji osobni rast ili profesionalno usavr\u0161avanje u podru\u010dju integrativne tjelesno orijentirane psihoterapije, na\u0161i programi nude siguran okvir za u\u010denje i transformaciju.<\/p>\t\t\t\t\t\t\t\t<\/div>\n\t\t\t\t<\/div>\n\t\t\t\t<div class=\"elementor-element elementor-element-c6b825b elementor-mobile-align-center elementor-widget elementor-widget-button\" data-id=\"c6b825b\" data-element_type=\"widget\" data-widget_type=\"button.default\">\n\t\t\t\t<div class=\"elementor-widget-container\">\n\t\t\t\t\t\t\t\t\t<div class=\"elementor-button-wrapper\">\n\t\t\t\t\t<a class=\"elementor-button elementor-button-link elementor-size-sm\" href=\"https:\/\/www.ninasenecic.com\/edukacije\/\">\n\t\t\t\t\t\t<span class=\"elementor-button-content-wrapper\">\n\t\t\t\t\t\t\t\t\t<span class=\"elementor-button-text\">Pro\u010ditaj vi\u0161e<\/span>\n\t\t\t\t\t<\/span>\n\t\t\t\t\t<\/a>\n\t\t\t\t<\/div>\n\t\t\t\t\t\t\t\t<\/div>\n\t\t\t\t<\/div>\n\t\t\t\t<div class=\"elementor-element elementor-element-fb0beb0 elementor-mobile-align-center elementor-widget elementor-widget-button\" data-id=\"fb0beb0\" data-element_type=\"widget\" data-widget_type=\"button.default\">\n\t\t\t\t<div class=\"elementor-widget-container\">\n\t\t\t\t\t\t\t\t\t<div class=\"elementor-button-wrapper\">\n\t\t\t\t\t<a class=\"elementor-button elementor-button-link elementor-size-sm\" href=\"https:\/\/www.cir-intp.com\/\" target=\"_blank\" rel=\"noopener\">\n\t\t\t\t\t\t<span class=\"elementor-button-content-wrapper\">\n\t\t\t\t\t\t\t\t\t<span class=\"elementor-button-text\">Posjeti slu\u017ebenu stranicu CIR INTP<\/span>\n\t\t\t\t\t<\/span>\n\t\t\t\t\t<\/a>\n\t\t\t\t<\/div>\n\t\t\t\t\t\t\t\t<\/div>\n\t\t\t\t<\/div>\n\t\t\t\t<\/div>\n\t\t\t\t<div class=\"elementor-element elementor-element-8778f1a elementor-widget elementor-widget-image\" data-id=\"8778f1a\" data-element_type=\"widget\" data-widget_type=\"image.default\">\n\t\t\t\t<div class=\"elementor-widget-container\">\n\t\t\t\t\t\t\t\t\t\t\t\t\t\t\t<img fetchpriority=\"high\" decoding=\"async\" width=\"1024\" height=\"682\" src=\"https:\/\/www.ninasenecic.com\/wp-content\/uploads\/2025\/11\/cjelovitost_DSC00690-1-1024x682.jpg\" class=\"attachment-large size-large wp-image-4737\" alt=\"\" srcset=\"https:\/\/www.ninasenecic.com\/wp-content\/uploads\/2025\/11\/cjelovitost_DSC00690-1-1024x682.jpg 1024w, https:\/\/www.ninasenecic.com\/wp-content\/uploads\/2025\/11\/cjelovitost_DSC00690-1-300x200.jpg 300w, https:\/\/www.ninasenecic.com\/wp-content\/uploads\/2025\/11\/cjelovitost_DSC00690-1-768x512.jpg 768w, https:\/\/www.ninasenecic.com\/wp-content\/uploads\/2025\/11\/cjelovitost_DSC00690-1-1536x1024.jpg 1536w, https:\/\/www.ninasenecic.com\/wp-content\/uploads\/2025\/11\/cjelovitost_DSC00690-1-18x12.jpg 18w, https:\/\/www.ninasenecic.com\/wp-content\/uploads\/2025\/11\/cjelovitost_DSC00690-1.jpg 2000w\" sizes=\"(max-width: 1024px) 100vw, 1024px\" \/>\t\t\t\t\t\t\t\t\t\t\t\t\t\t\t<\/div>\n\t\t\t\t<\/div>\n\t\t\t\t<\/div>\n\t\t<div class=\"elementor-element elementor-element-84e7930 e-grid e-con-full wpr-particle-no wpr-jarallax-no wpr-parallax-no wpr-sticky-section-no e-con e-child\" data-id=\"84e7930\" data-element_type=\"container\" data-settings=\"{&quot;background_background&quot;:&quot;classic&quot;}\">\n\t\t\t\t<div class=\"elementor-element elementor-element-2f78045 elementor-widget elementor-widget-image\" data-id=\"2f78045\" data-element_type=\"widget\" data-widget_type=\"image.default\">\n\t\t\t\t<div class=\"elementor-widget-container\">\n\t\t\t\t\t\t\t\t\t\t\t\t\t\t\t<img decoding=\"async\" width=\"1024\" height=\"682\" src=\"https:\/\/www.ninasenecic.com\/wp-content\/uploads\/2025\/10\/krila_DSC00013-1024x682.jpg\" class=\"attachment-large size-large wp-image-4490\" alt=\"\" srcset=\"https:\/\/www.ninasenecic.com\/wp-content\/uploads\/2025\/10\/krila_DSC00013-1024x682.jpg 1024w, https:\/\/www.ninasenecic.com\/wp-content\/uploads\/2025\/10\/krila_DSC00013-300x200.jpg 300w, https:\/\/www.ninasenecic.com\/wp-content\/uploads\/2025\/10\/krila_DSC00013-768x512.jpg 768w, https:\/\/www.ninasenecic.com\/wp-content\/uploads\/2025\/10\/krila_DSC00013-1536x1024.jpg 1536w, https:\/\/www.ninasenecic.com\/wp-content\/uploads\/2025\/10\/krila_DSC00013-18x12.jpg 18w, https:\/\/www.ninasenecic.com\/wp-content\/uploads\/2025\/10\/krila_DSC00013.jpg 2000w\" sizes=\"(max-width: 1024px) 100vw, 1024px\" \/>\t\t\t\t\t\t\t\t\t\t\t\t\t\t\t<\/div>\n\t\t\t\t<\/div>\n\t\t<div class=\"elementor-element elementor-element-4364391 e-con-full e-flex wpr-particle-no wpr-jarallax-no wpr-parallax-no wpr-sticky-section-no e-con e-child\" data-id=\"4364391\" data-element_type=\"container\">\n\t\t\t\t<div class=\"elementor-element elementor-element-426b8d5 elementor-widget elementor-widget-heading\" data-id=\"426b8d5\" data-element_type=\"widget\" data-widget_type=\"heading.default\">\n\t\t\t\t<div class=\"elementor-widget-container\">\n\t\t\t\t\t<h2 class=\"elementor-heading-title elementor-size-default\">Radionice<\/h2>\t\t\t\t<\/div>\n\t\t\t\t<\/div>\n\t\t\t\t<div class=\"elementor-element elementor-element-fa84318 elementor-widget elementor-widget-text-editor\" data-id=\"fa84318\" data-element_type=\"widget\" data-widget_type=\"text-editor.default\">\n\t\t\t\t<div class=\"elementor-widget-container\">\n\t\t\t\t\t\t\t\t\t<p><strong>Iskustveni prostori za u\u010denje, istra\u017eivanje i integraciju.<\/strong><\/p><p>Vodim jednodnevne i vi\u0161ednevne radionice u <strong>Zagrebu i Ljubljani,<\/strong> kao i <strong>ljetni intenziv.<\/strong> Najave i prijave dostupne su u kalendaru doga\u0111anja.<\/p>\t\t\t\t\t\t\t\t<\/div>\n\t\t\t\t<\/div>\n\t\t\t\t<div class=\"elementor-element elementor-element-6496d9f elementor-mobile-align-center elementor-widget elementor-widget-button\" data-id=\"6496d9f\" data-element_type=\"widget\" data-widget_type=\"button.default\">\n\t\t\t\t<div class=\"elementor-widget-container\">\n\t\t\t\t\t\t\t\t\t<div class=\"elementor-button-wrapper\">\n\t\t\t\t\t<a class=\"elementor-button elementor-button-link elementor-size-sm\" href=\"https:\/\/www.ninasenecic.com\/radionice\/\">\n\t\t\t\t\t\t<span class=\"elementor-button-content-wrapper\">\n\t\t\t\t\t\t\t\t\t<span class=\"elementor-button-text\">Pro\u010ditaj vi\u0161e<\/span>\n\t\t\t\t\t<\/span>\n\t\t\t\t\t<\/a>\n\t\t\t\t<\/div>\n\t\t\t\t\t\t\t\t<\/div>\n\t\t\t\t<\/div>\n\t\t\t\t<div class=\"elementor-element elementor-element-a7710e0 elementor-mobile-align-center elementor-widget elementor-widget-button\" data-id=\"a7710e0\" data-element_type=\"widget\" data-widget_type=\"button.default\">\n\t\t\t\t<div class=\"elementor-widget-container\">\n\t\t\t\t\t\t\t\t\t<div class=\"elementor-button-wrapper\">\n\t\t\t\t\t<a class=\"elementor-button elementor-button-link elementor-size-sm\" href=\"https:\/\/www.ninasenecic.com\/kalendar\/\" target=\"_blank\">\n\t\t\t\t\t\t<span class=\"elementor-button-content-wrapper\">\n\t\t\t\t\t\t\t\t\t<span class=\"elementor-button-text\">Pogledaj kalendar radionica<\/span>\n\t\t\t\t\t<\/span>\n\t\t\t\t\t<\/a>\n\t\t\t\t<\/div>\n\t\t\t\t\t\t\t\t<\/div>\n\t\t\t\t<\/div>\n\t\t\t\t<\/div>\n\t\t\t\t<\/div>\n\t\t<div class=\"elementor-element elementor-element-12b2a07 e-grid e-con-full wpr-particle-no wpr-jarallax-no wpr-parallax-no wpr-sticky-section-no e-con e-child\" data-id=\"12b2a07\" data-element_type=\"container\" data-settings=\"{&quot;background_background&quot;:&quot;classic&quot;}\">\n\t\t<div class=\"elementor-element elementor-element-04fbb5e e-con-full e-flex wpr-particle-no wpr-jarallax-no wpr-parallax-no wpr-sticky-section-no e-con e-child\" data-id=\"04fbb5e\" data-element_type=\"container\">\n\t\t\t\t<div class=\"elementor-element elementor-element-b63a5be elementor-widget elementor-widget-heading\" data-id=\"b63a5be\" data-element_type=\"widget\" data-widget_type=\"heading.default\">\n\t\t\t\t<div class=\"elementor-widget-container\">\n\t\t\t\t\t<h2 class=\"elementor-heading-title elementor-size-default\">Coaching \u2013 osobni i poslovni<\/h2>\t\t\t\t<\/div>\n\t\t\t\t<\/div>\n\t\t\t\t<div class=\"elementor-element elementor-element-a8f9969 elementor-widget elementor-widget-text-editor\" data-id=\"a8f9969\" data-element_type=\"widget\" data-widget_type=\"text-editor.default\">\n\t\t\t\t<div class=\"elementor-widget-container\">\n\t\t\t\t\t\t\t\t\t<p>Coaching je <strong>sigurno i kreativno partnerstvo<\/strong> koje poti\u010de jasno\u0107u, fokus i akciju usmjerenu prema osobnom i profesionalnom rastu. Poma\u017ee otkriti unutarnje resurse \u2013 <strong>jasno\u0107u, kreativnost i autenti\u010dni leadership.<\/strong><\/p>\t\t\t\t\t\t\t\t<\/div>\n\t\t\t\t<\/div>\n\t\t\t\t<div class=\"elementor-element elementor-element-e9978cb elementor-mobile-align-center elementor-widget elementor-widget-button\" data-id=\"e9978cb\" data-element_type=\"widget\" data-widget_type=\"button.default\">\n\t\t\t\t<div class=\"elementor-widget-container\">\n\t\t\t\t\t\t\t\t\t<div class=\"elementor-button-wrapper\">\n\t\t\t\t\t<a class=\"elementor-button elementor-button-link elementor-size-sm\" href=\"https:\/\/www.ninasenecic.com\/coaching\/\">\n\t\t\t\t\t\t<span class=\"elementor-button-content-wrapper\">\n\t\t\t\t\t\t\t\t\t<span class=\"elementor-button-text\">Pro\u010ditaj vi\u0161e<\/span>\n\t\t\t\t\t<\/span>\n\t\t\t\t\t<\/a>\n\t\t\t\t<\/div>\n\t\t\t\t\t\t\t\t<\/div>\n\t\t\t\t<\/div>\n\t\t\t\t<\/div>\n\t\t\t\t<div class=\"elementor-element elementor-element-12481cb elementor-widget elementor-widget-image\" data-id=\"12481cb\" data-element_type=\"widget\" data-widget_type=\"image.default\">\n\t\t\t\t<div class=\"elementor-widget-container\">\n\t\t\t\t\t\t\t\t\t\t\t\t\t\t\t<img decoding=\"async\" width=\"812\" height=\"1024\" src=\"https:\/\/www.ninasenecic.com\/wp-content\/uploads\/2025\/10\/Foto-4-812x1024.jpg\" class=\"attachment-large size-large wp-image-4509\" alt=\"\" srcset=\"https:\/\/www.ninasenecic.com\/wp-content\/uploads\/2025\/10\/Foto-4-812x1024.jpg 812w, https:\/\/www.ninasenecic.com\/wp-content\/uploads\/2025\/10\/Foto-4-238x300.jpg 238w, https:\/\/www.ninasenecic.com\/wp-content\/uploads\/2025\/10\/Foto-4-768x969.jpg 768w, https:\/\/www.ninasenecic.com\/wp-content\/uploads\/2025\/10\/Foto-4-1217x1536.jpg 1217w, https:\/\/www.ninasenecic.com\/wp-content\/uploads\/2025\/10\/Foto-4-1623x2048.jpg 1623w, https:\/\/www.ninasenecic.com\/wp-content\/uploads\/2025\/10\/Foto-4-10x12.jpg 10w, https:\/\/www.ninasenecic.com\/wp-content\/uploads\/2025\/10\/Foto-4-scaled.jpg 2029w\" sizes=\"(max-width: 812px) 100vw, 812px\" \/>\t\t\t\t\t\t\t\t\t\t\t\t\t\t\t<\/div>\n\t\t\t\t<\/div>\n\t\t\t\t<\/div>\n\t\t<div class=\"elementor-element elementor-element-5a8195a e-grid e-con-full wpr-particle-no wpr-jarallax-no wpr-parallax-no wpr-sticky-section-no e-con e-child\" data-id=\"5a8195a\" data-element_type=\"container\" data-settings=\"{&quot;background_background&quot;:&quot;classic&quot;}\">\n\t\t\t\t<div class=\"elementor-element elementor-element-391df24 elementor-widget elementor-widget-image\" data-id=\"391df24\" data-element_type=\"widget\" data-widget_type=\"image.default\">\n\t\t\t\t<div class=\"elementor-widget-container\">\n\t\t\t\t\t\t\t\t\t\t\t\t\t\t\t<img loading=\"lazy\" decoding=\"async\" width=\"1024\" height=\"681\" src=\"https:\/\/www.ninasenecic.com\/wp-content\/uploads\/2025\/11\/2148681080-1024x681.jpg\" class=\"attachment-large size-large wp-image-4772\" alt=\"\" srcset=\"https:\/\/www.ninasenecic.com\/wp-content\/uploads\/2025\/11\/2148681080-1024x681.jpg 1024w, https:\/\/www.ninasenecic.com\/wp-content\/uploads\/2025\/11\/2148681080-300x200.jpg 300w, https:\/\/www.ninasenecic.com\/wp-content\/uploads\/2025\/11\/2148681080-768x511.jpg 768w, https:\/\/www.ninasenecic.com\/wp-content\/uploads\/2025\/11\/2148681080-1536x1022.jpg 1536w, https:\/\/www.ninasenecic.com\/wp-content\/uploads\/2025\/11\/2148681080-18x12.jpg 18w, https:\/\/www.ninasenecic.com\/wp-content\/uploads\/2025\/11\/2148681080.jpg 2000w\" sizes=\"(max-width: 1024px) 100vw, 1024px\" \/>\t\t\t\t\t\t\t\t\t\t\t\t\t\t\t<\/div>\n\t\t\t\t<\/div>\n\t\t<div class=\"elementor-element elementor-element-6ff0056 e-con-full e-flex wpr-particle-no wpr-jarallax-no wpr-parallax-no wpr-sticky-section-no e-con e-child\" data-id=\"6ff0056\" data-element_type=\"container\">\n\t\t\t\t<div class=\"elementor-element elementor-element-1678a6b elementor-widget elementor-widget-heading\" data-id=\"1678a6b\" data-element_type=\"widget\" data-widget_type=\"heading.default\">\n\t\t\t\t<div class=\"elementor-widget-container\">\n\t\t\t\t\t<h2 class=\"elementor-heading-title elementor-size-default\">Individualna psihoterapija<\/h2>\t\t\t\t<\/div>\n\t\t\t\t<\/div>\n\t\t\t\t<div class=\"elementor-element elementor-element-353d260 elementor-widget elementor-widget-text-editor\" data-id=\"353d260\" data-element_type=\"widget\" data-widget_type=\"text-editor.default\">\n\t\t\t\t<div class=\"elementor-widget-container\">\n\t\t\t\t\t\t\t\t\t<p>U individualnom radu kroz siguran i svjestan proces istra\u017euje\u0161 emocije, tijelo i obrasce odnosa, razvijaju\u0107i nove na\u010dine \u017eivljenja. Radim s odraslima (18+), u\u017eivo u Zagrebu ili online.<br \/><br \/><em>Napomena: Trenutno ne primam nove klijente u dugoro\u010dne individualne terapijske procese. Ako \u017eelite raditi sa mnom, pratite edukacije, supervizije i otvorene radionice u sklopu CIR INTP-a.<\/em><\/p>\t\t\t\t\t\t\t\t<\/div>\n\t\t\t\t<\/div>\n\t\t\t\t<div class=\"elementor-element elementor-element-3f0d9b1 elementor-mobile-align-center elementor-widget elementor-widget-button\" data-id=\"3f0d9b1\" data-element_type=\"widget\" data-widget_type=\"button.default\">\n\t\t\t\t<div class=\"elementor-widget-container\">\n\t\t\t\t\t\t\t\t\t<div class=\"elementor-button-wrapper\">\n\t\t\t\t\t<a class=\"elementor-button elementor-button-link elementor-size-sm\" href=\"https:\/\/www.ninasenecic.com\/individualna-psihoterapija\/\">\n\t\t\t\t\t\t<span class=\"elementor-button-content-wrapper\">\n\t\t\t\t\t\t\t\t\t<span class=\"elementor-button-text\">Pro\u010ditaj vi\u0161e<\/span>\n\t\t\t\t\t<\/span>\n\t\t\t\t\t<\/a>\n\t\t\t\t<\/div>\n\t\t\t\t\t\t\t\t<\/div>\n\t\t\t\t<\/div>\n\t\t\t\t<\/div>\n\t\t\t\t<\/div>\n\t\t\t\t\t<\/div>\n\t\t\t\t<\/div>\n\t\t\t\t<\/div>\n\t\t","protected":false},"excerpt":{"rendered":"<p>Usluge Programi za osobni i profesionalni razvoj Ako \u017eeli\u0161 dublji osobni rast ili profesionalno usavr\u0161avanje u podru\u010dju integrativne tjelesno orijentirane psihoterapije, na\u0161i programi nude siguran okvir za u\u010denje i transformaciju. Pro\u010ditaj vi\u0161e Posjeti slu\u017ebenu stranicu CIR INTP Radionice Iskustveni prostori za u\u010denje, istra\u017eivanje i integraciju. Vodim jednodnevne i vi\u0161ednevne radionice u Zagrebu i Ljubljani, kao i ljetni intenziv. Najave i prijave dostupne su u kalendaru doga\u0111anja. Pro\u010ditaj vi\u0161e Pogledaj kalendar radionica Coaching \u2013 osobni i poslovni Coaching je sigurno i kreativno partnerstvo koje poti\u010de jasno\u0107u, fokus i akciju usmjerenu prema osobnom i profesionalnom rastu. Poma\u017ee otkriti unutarnje resurse \u2013 jasno\u0107u, kreativnost i autenti\u010dni leadership. Pro\u010ditaj vi\u0161e Individualna psihoterapija U individualnom radu kroz siguran i svjestan proces istra\u017euje\u0161 emocije, tijelo i obrasce odnosa, razvijaju\u0107i nove na\u010dine \u017eivljenja. Radim s odraslima (18+), u\u017eivo u Zagrebu ili online. Napomena: Trenutno ne primam nove klijente u dugoro\u010dne individualne terapijske procese. Ako \u017eelite raditi sa mnom, pratite edukacije, supervizije i otvorene radionice u sklopu CIR INTP-a. Pro\u010ditaj vi\u0161e<\/p>\n","protected":false},"author":3,"featured_media":0,"parent":0,"menu_order":0,"comment_status":"closed","ping_status":"closed","template":"elementor_header_footer","meta":{"_acf_changed":false,"footnotes":""},"class_list":["post-4291","page","type-page","status-publish","hentry"],"blocksy_meta":[],"acf":[],"_links":{"self":[{"href":"https:\/\/www.ninasenecic.com\/hr\/wp-json\/wp\/v2\/pages\/4291"}],"collection":[{"href":"https:\/\/www.ninasenecic.com\/hr\/wp-json\/wp\/v2\/pages"}],"about":[{"href":"https:\/\/www.ninasenecic.com\/hr\/wp-json\/wp\/v2\/types\/page"}],"author":[{"embeddable":true,"href":"https:\/\/www.ninasenecic.com\/hr\/wp-json\/wp\/v2\/users\/3"}],"replies":[{"embeddable":true,"href":"https:\/\/www.ninasenecic.com\/hr\/wp-json\/wp\/v2\/comments?post=4291"}],"version-history":[{"count":47,"href":"https:\/\/www.ninasenecic.com\/hr\/wp-json\/wp\/v2\/pages\/4291\/revisions"}],"predecessor-version":[{"id":4908,"href":"https:\/\/www.ninasenecic.com\/hr\/wp-json\/wp\/v2\/pages\/4291\/revisions\/4908"}],"wp:attachment":[{"href":"https:\/\/www.ninasenecic.com\/hr\/wp-json\/wp\/v2\/media?parent=4291"}],"curies":[{"name":"wp","href":"https:\/\/api.w.org\/{rel}","templated":true}]}}