{"id":4276,"date":"2025-10-16T18:37:10","date_gmt":"2025-10-16T17:37:10","guid":{"rendered":"https:\/\/www.ninasenecic.com\/?page_id=4276"},"modified":"2025-11-24T20:37:06","modified_gmt":"2025-11-24T19:37:06","slug":"metode","status":"publish","type":"page","link":"https:\/\/www.ninasenecic.com\/hr\/metode\/","title":{"rendered":"Metode"},"content":{"rendered":"\t\t<div data-elementor-type=\"wp-page\" data-elementor-id=\"4276\" class=\"elementor elementor-4276\">\n\t\t\t\t<div class=\"elementor-element elementor-element-2d36eedd e-flex e-con-boxed wpr-particle-no wpr-jarallax-no wpr-parallax-no wpr-sticky-section-no e-con e-parent\" data-id=\"2d36eedd\" data-element_type=\"container\">\n\t\t\t\t\t<div class=\"e-con-inner\">\n\t\t\t\t<div class=\"elementor-element elementor-element-2ca331ec elementor-widget elementor-widget-heading\" data-id=\"2ca331ec\" data-element_type=\"widget\" data-widget_type=\"heading.default\">\n\t\t\t\t<div class=\"elementor-widget-container\">\n\t\t\t\t\t<h2 class=\"elementor-heading-title elementor-size-default\">Metode<\/h2>\t\t\t\t<\/div>\n\t\t\t\t<\/div>\n\t\t\t\t<div class=\"elementor-element elementor-element-78797225 elementor-widget elementor-widget-text-editor\" data-id=\"78797225\" data-element_type=\"widget\" data-widget_type=\"text-editor.default\">\n\t\t\t\t<div class=\"elementor-widget-container\">\n\t\t\t\t\t\t\t\t\t<p>Metode koje koristim u svom radu<\/p>\t\t\t\t\t\t\t\t<\/div>\n\t\t\t\t<\/div>\n\t\t\t\t\t<\/div>\n\t\t\t\t<\/div>\n\t\t<div class=\"elementor-element elementor-element-35e742b e-flex e-con-boxed wpr-particle-no wpr-jarallax-no wpr-parallax-no wpr-sticky-section-no e-con e-parent\" data-id=\"35e742b\" data-element_type=\"container\">\n\t\t\t\t\t<div class=\"e-con-inner\">\n\t\t<div class=\"elementor-element elementor-element-2b3910d e-grid e-con-full wpr-particle-no wpr-jarallax-no wpr-parallax-no wpr-sticky-section-no e-con e-child\" data-id=\"2b3910d\" data-element_type=\"container\" data-settings=\"{&quot;background_background&quot;:&quot;classic&quot;}\">\n\t\t<div class=\"elementor-element elementor-element-10da1bd e-con-full e-flex wpr-particle-no wpr-jarallax-no wpr-parallax-no wpr-sticky-section-no e-con e-child\" data-id=\"10da1bd\" data-element_type=\"container\">\n\t\t\t\t<div class=\"elementor-element elementor-element-0e06888 elementor-widget elementor-widget-heading\" data-id=\"0e06888\" data-element_type=\"widget\" data-widget_type=\"heading.default\">\n\t\t\t\t<div class=\"elementor-widget-container\">\n\t\t\t\t\t<h2 class=\"elementor-heading-title elementor-size-default\">Integrativna tjelesno orijentirana psihoterapija (ITOP)<\/h2>\t\t\t\t<\/div>\n\t\t\t\t<\/div>\n\t\t\t\t<div class=\"elementor-element elementor-element-25acb35 elementor-widget elementor-widget-text-editor\" data-id=\"25acb35\" data-element_type=\"widget\" data-widget_type=\"text-editor.default\">\n\t\t\t\t<div class=\"elementor-widget-container\">\n\t\t\t\t\t\t\t\t\t<p>Integrativna tjelesno orijentirana psihoterapija (ITOP) polazi od ideje da tijelo pohranjuje na\u0161e pri\u010de, rane i resurse. Radom s tijelom i \u017eiv\u010danim sustavom poti\u010de se regulacija, prisutnost i otpu\u0161tanje napetosti, \u010dime tijelo prirodno aktivira kapacitet za ravnote\u017eu i iscjeljenje.<\/p>\t\t\t\t\t\t\t\t<\/div>\n\t\t\t\t<\/div>\n\t\t\t\t<div class=\"elementor-element elementor-element-c6b825b elementor-mobile-align-center elementor-widget elementor-widget-button\" data-id=\"c6b825b\" data-element_type=\"widget\" data-widget_type=\"button.default\">\n\t\t\t\t<div class=\"elementor-widget-container\">\n\t\t\t\t\t\t\t\t\t<div class=\"elementor-button-wrapper\">\n\t\t\t\t\t<a class=\"elementor-button elementor-button-link elementor-size-sm\" href=\"https:\/\/www.ninasenecic.com\/integrativna-tjelesno-orijentirana-psihoterapija-itop\/\">\n\t\t\t\t\t\t<span class=\"elementor-button-content-wrapper\">\n\t\t\t\t\t\t\t\t\t<span class=\"elementor-button-text\">Pro\u010ditaj vi\u0161e<\/span>\n\t\t\t\t\t<\/span>\n\t\t\t\t\t<\/a>\n\t\t\t\t<\/div>\n\t\t\t\t\t\t\t\t<\/div>\n\t\t\t\t<\/div>\n\t\t\t\t<\/div>\n\t\t\t\t<div class=\"elementor-element elementor-element-8778f1a elementor-widget elementor-widget-image\" data-id=\"8778f1a\" data-element_type=\"widget\" data-widget_type=\"image.default\">\n\t\t\t\t<div class=\"elementor-widget-container\">\n\t\t\t\t\t\t\t\t\t\t\t\t\t\t\t<img fetchpriority=\"high\" decoding=\"async\" width=\"1024\" height=\"682\" src=\"https:\/\/www.ninasenecic.com\/wp-content\/uploads\/2025\/11\/krila_DSC09887-1024x682.jpg\" class=\"attachment-large size-large wp-image-4610\" alt=\"\" srcset=\"https:\/\/www.ninasenecic.com\/wp-content\/uploads\/2025\/11\/krila_DSC09887-1024x682.jpg 1024w, https:\/\/www.ninasenecic.com\/wp-content\/uploads\/2025\/11\/krila_DSC09887-300x200.jpg 300w, https:\/\/www.ninasenecic.com\/wp-content\/uploads\/2025\/11\/krila_DSC09887-768x512.jpg 768w, https:\/\/www.ninasenecic.com\/wp-content\/uploads\/2025\/11\/krila_DSC09887-1536x1024.jpg 1536w, https:\/\/www.ninasenecic.com\/wp-content\/uploads\/2025\/11\/krila_DSC09887-18x12.jpg 18w, https:\/\/www.ninasenecic.com\/wp-content\/uploads\/2025\/11\/krila_DSC09887.jpg 2000w\" sizes=\"(max-width: 1024px) 100vw, 1024px\" \/>\t\t\t\t\t\t\t\t\t\t\t\t\t\t\t<\/div>\n\t\t\t\t<\/div>\n\t\t\t\t<\/div>\n\t\t<div class=\"elementor-element elementor-element-84e7930 e-grid e-con-full wpr-particle-no wpr-jarallax-no wpr-parallax-no wpr-sticky-section-no e-con e-child\" data-id=\"84e7930\" data-element_type=\"container\" data-settings=\"{&quot;background_background&quot;:&quot;classic&quot;}\">\n\t\t\t\t<div class=\"elementor-element elementor-element-2f78045 elementor-widget elementor-widget-image\" data-id=\"2f78045\" data-element_type=\"widget\" data-widget_type=\"image.default\">\n\t\t\t\t<div class=\"elementor-widget-container\">\n\t\t\t\t\t\t\t\t\t\t\t\t\t\t\t<img decoding=\"async\" width=\"1024\" height=\"682\" src=\"https:\/\/www.ninasenecic.com\/wp-content\/uploads\/2025\/10\/svjesnost_DSC09623-1024x682.jpg\" class=\"attachment-large size-large wp-image-4539\" alt=\"\" srcset=\"https:\/\/www.ninasenecic.com\/wp-content\/uploads\/2025\/10\/svjesnost_DSC09623-1024x682.jpg 1024w, https:\/\/www.ninasenecic.com\/wp-content\/uploads\/2025\/10\/svjesnost_DSC09623-300x200.jpg 300w, https:\/\/www.ninasenecic.com\/wp-content\/uploads\/2025\/10\/svjesnost_DSC09623-768x512.jpg 768w, https:\/\/www.ninasenecic.com\/wp-content\/uploads\/2025\/10\/svjesnost_DSC09623-1536x1024.jpg 1536w, https:\/\/www.ninasenecic.com\/wp-content\/uploads\/2025\/10\/svjesnost_DSC09623-18x12.jpg 18w, https:\/\/www.ninasenecic.com\/wp-content\/uploads\/2025\/10\/svjesnost_DSC09623.jpg 2000w\" sizes=\"(max-width: 1024px) 100vw, 1024px\" \/>\t\t\t\t\t\t\t\t\t\t\t\t\t\t\t<\/div>\n\t\t\t\t<\/div>\n\t\t<div class=\"elementor-element elementor-element-4364391 e-con-full e-flex wpr-particle-no wpr-jarallax-no wpr-parallax-no wpr-sticky-section-no e-con e-child\" data-id=\"4364391\" data-element_type=\"container\">\n\t\t\t\t<div class=\"elementor-element elementor-element-426b8d5 elementor-widget elementor-widget-heading\" data-id=\"426b8d5\" data-element_type=\"widget\" data-widget_type=\"heading.default\">\n\t\t\t\t<div class=\"elementor-widget-container\">\n\t\t\t\t\t<h2 class=\"elementor-heading-title elementor-size-default\">Rad s traumom<\/h2>\t\t\t\t<\/div>\n\t\t\t\t<\/div>\n\t\t\t\t<div class=\"elementor-element elementor-element-fa84318 elementor-widget elementor-widget-text-editor\" data-id=\"fa84318\" data-element_type=\"widget\" data-widget_type=\"text-editor.default\">\n\t\t\t\t<div class=\"elementor-widget-container\">\n\t\t\t\t\t\t\t\t\t<p>Integrativna tjelesno orijentirana Trauma ne \u017eivi samo u sje\u0107anju, ve\u0107 i u tijelu &#8211; kroz dah, napetosti i obrasce odnosa. Kroz pa\u017eljiv i ritmi\u010dan rad s tijelom u\u010dimo sigurno pristupiti tim slojevima, ja\u010daju\u0107i osje\u0107aj regulacije i unutarnjeg oslonca.(ITOP) polazi od ideje da tijelo pohranjuje na\u0161e pri\u010de, rane i resurse. Radom s tijelom i \u017eiv\u010danim sustavom poti\u010de se regulacija, prisutnost i otpu\u0161tanje napetosti, \u010dime tijelo prirodno aktivira kapacitet za ravnote\u017eu i iscjeljenje.<\/p>\t\t\t\t\t\t\t\t<\/div>\n\t\t\t\t<\/div>\n\t\t\t\t<div class=\"elementor-element elementor-element-6496d9f elementor-mobile-align-center elementor-widget elementor-widget-button\" data-id=\"6496d9f\" data-element_type=\"widget\" data-widget_type=\"button.default\">\n\t\t\t\t<div class=\"elementor-widget-container\">\n\t\t\t\t\t\t\t\t\t<div class=\"elementor-button-wrapper\">\n\t\t\t\t\t<a class=\"elementor-button elementor-button-link elementor-size-sm\" href=\"https:\/\/www.ninasenecic.com\/rad-sa-traumom\/\">\n\t\t\t\t\t\t<span class=\"elementor-button-content-wrapper\">\n\t\t\t\t\t\t\t\t\t<span class=\"elementor-button-text\">Pro\u010ditaj vi\u0161e<\/span>\n\t\t\t\t\t<\/span>\n\t\t\t\t\t<\/a>\n\t\t\t\t<\/div>\n\t\t\t\t\t\t\t\t<\/div>\n\t\t\t\t<\/div>\n\t\t\t\t<\/div>\n\t\t\t\t<\/div>\n\t\t<div class=\"elementor-element elementor-element-12b2a07 e-grid e-con-full wpr-particle-no wpr-jarallax-no wpr-parallax-no wpr-sticky-section-no e-con e-child\" data-id=\"12b2a07\" data-element_type=\"container\" data-settings=\"{&quot;background_background&quot;:&quot;classic&quot;}\">\n\t\t<div class=\"elementor-element elementor-element-04fbb5e e-con-full e-flex wpr-particle-no wpr-jarallax-no wpr-parallax-no wpr-sticky-section-no e-con e-child\" data-id=\"04fbb5e\" data-element_type=\"container\">\n\t\t\t\t<div class=\"elementor-element elementor-element-b63a5be elementor-widget elementor-widget-heading\" data-id=\"b63a5be\" data-element_type=\"widget\" data-widget_type=\"heading.default\">\n\t\t\t\t<div class=\"elementor-widget-container\">\n\t\t\t\t\t<h2 class=\"elementor-heading-title elementor-size-default\">Open floor - svjesni ples i pokret<\/h2>\t\t\t\t<\/div>\n\t\t\t\t<\/div>\n\t\t\t\t<div class=\"elementor-element elementor-element-a8f9969 elementor-widget elementor-widget-text-editor\" data-id=\"a8f9969\" data-element_type=\"widget\" data-widget_type=\"text-editor.default\">\n\t\t\t\t<div class=\"elementor-widget-container\">\n\t\t\t\t\t\t\t\t\t<p>Open Floor je praksa svjesnog pokreta i plesa koja kroz tijelo otvara prostor za istra\u017eivanje, regulaciju i integraciju. Svaka kretnja postaje prilika za povezanost, slobodu i ve\u0107u fleksibilnost u \u017eivotu.<\/p>\t\t\t\t\t\t\t\t<\/div>\n\t\t\t\t<\/div>\n\t\t\t\t<div class=\"elementor-element elementor-element-e9978cb elementor-mobile-align-center elementor-widget elementor-widget-button\" data-id=\"e9978cb\" data-element_type=\"widget\" data-widget_type=\"button.default\">\n\t\t\t\t<div class=\"elementor-widget-container\">\n\t\t\t\t\t\t\t\t\t<div class=\"elementor-button-wrapper\">\n\t\t\t\t\t<a class=\"elementor-button elementor-button-link elementor-size-sm\" href=\"https:\/\/www.ninasenecic.com\/open-floor\/\">\n\t\t\t\t\t\t<span class=\"elementor-button-content-wrapper\">\n\t\t\t\t\t\t\t\t\t<span class=\"elementor-button-text\">Pro\u010ditaj vi\u0161e<\/span>\n\t\t\t\t\t<\/span>\n\t\t\t\t\t<\/a>\n\t\t\t\t<\/div>\n\t\t\t\t\t\t\t\t<\/div>\n\t\t\t\t<\/div>\n\t\t\t\t<\/div>\n\t\t\t\t<div class=\"elementor-element elementor-element-12481cb elementor-widget elementor-widget-image\" data-id=\"12481cb\" data-element_type=\"widget\" data-widget_type=\"image.default\">\n\t\t\t\t<div class=\"elementor-widget-container\">\n\t\t\t\t\t\t\t\t\t\t\t\t\t\t\t<img decoding=\"async\" width=\"1024\" height=\"682\" src=\"https:\/\/www.ninasenecic.com\/wp-content\/uploads\/2025\/11\/krila_DSC00181-1024x682.jpg\" class=\"attachment-large size-large wp-image-4618\" alt=\"\" srcset=\"https:\/\/www.ninasenecic.com\/wp-content\/uploads\/2025\/11\/krila_DSC00181-1024x682.jpg 1024w, https:\/\/www.ninasenecic.com\/wp-content\/uploads\/2025\/11\/krila_DSC00181-300x200.jpg 300w, https:\/\/www.ninasenecic.com\/wp-content\/uploads\/2025\/11\/krila_DSC00181-768x512.jpg 768w, https:\/\/www.ninasenecic.com\/wp-content\/uploads\/2025\/11\/krila_DSC00181-1536x1024.jpg 1536w, https:\/\/www.ninasenecic.com\/wp-content\/uploads\/2025\/11\/krila_DSC00181-18x12.jpg 18w, https:\/\/www.ninasenecic.com\/wp-content\/uploads\/2025\/11\/krila_DSC00181.jpg 2000w\" sizes=\"(max-width: 1024px) 100vw, 1024px\" \/>\t\t\t\t\t\t\t\t\t\t\t\t\t\t\t<\/div>\n\t\t\t\t<\/div>\n\t\t\t\t<\/div>\n\t\t<div class=\"elementor-element elementor-element-5a8195a e-grid e-con-full wpr-particle-no wpr-jarallax-no wpr-parallax-no wpr-sticky-section-no e-con e-child\" data-id=\"5a8195a\" data-element_type=\"container\" data-settings=\"{&quot;background_background&quot;:&quot;classic&quot;}\">\n\t\t\t\t<div class=\"elementor-element elementor-element-391df24 elementor-widget elementor-widget-image\" data-id=\"391df24\" data-element_type=\"widget\" data-widget_type=\"image.default\">\n\t\t\t\t<div class=\"elementor-widget-container\">\n\t\t\t\t\t\t\t\t\t\t\t\t\t\t\t<img loading=\"lazy\" decoding=\"async\" width=\"1024\" height=\"682\" src=\"https:\/\/www.ninasenecic.com\/wp-content\/uploads\/2025\/10\/krila_DSC00273-1024x682.jpg\" class=\"attachment-large size-large wp-image-4538\" alt=\"\" srcset=\"https:\/\/www.ninasenecic.com\/wp-content\/uploads\/2025\/10\/krila_DSC00273-1024x682.jpg 1024w, https:\/\/www.ninasenecic.com\/wp-content\/uploads\/2025\/10\/krila_DSC00273-300x200.jpg 300w, https:\/\/www.ninasenecic.com\/wp-content\/uploads\/2025\/10\/krila_DSC00273-768x512.jpg 768w, https:\/\/www.ninasenecic.com\/wp-content\/uploads\/2025\/10\/krila_DSC00273-1536x1024.jpg 1536w, https:\/\/www.ninasenecic.com\/wp-content\/uploads\/2025\/10\/krila_DSC00273-18x12.jpg 18w, https:\/\/www.ninasenecic.com\/wp-content\/uploads\/2025\/10\/krila_DSC00273.jpg 2000w\" sizes=\"(max-width: 1024px) 100vw, 1024px\" \/>\t\t\t\t\t\t\t\t\t\t\t\t\t\t\t<\/div>\n\t\t\t\t<\/div>\n\t\t<div class=\"elementor-element elementor-element-6ff0056 e-con-full e-flex wpr-particle-no wpr-jarallax-no wpr-parallax-no wpr-sticky-section-no e-con e-child\" data-id=\"6ff0056\" data-element_type=\"container\">\n\t\t\t\t<div class=\"elementor-element elementor-element-1678a6b elementor-widget elementor-widget-heading\" data-id=\"1678a6b\" data-element_type=\"widget\" data-widget_type=\"heading.default\">\n\t\t\t\t<div class=\"elementor-widget-container\">\n\t\t\t\t\t<h2 class=\"elementor-heading-title elementor-size-default\">Transpersonalna psihoterapija<\/h2>\t\t\t\t<\/div>\n\t\t\t\t<\/div>\n\t\t\t\t<div class=\"elementor-element elementor-element-353d260 elementor-widget elementor-widget-text-editor\" data-id=\"353d260\" data-element_type=\"widget\" data-widget_type=\"text-editor.default\">\n\t\t\t\t<div class=\"elementor-widget-container\">\n\t\t\t\t\t\t\t\t\t<p>Transpersonalna psihoterapija povezuje psiholo\u0161ki i tjelesni rad s dubljom dimenzijom svijesti, stvaraju\u0107i prostor za smisao, cjelovitost i unutarnju integraciju.<\/p>\t\t\t\t\t\t\t\t<\/div>\n\t\t\t\t<\/div>\n\t\t\t\t<div class=\"elementor-element elementor-element-3f0d9b1 elementor-mobile-align-center elementor-widget elementor-widget-button\" data-id=\"3f0d9b1\" data-element_type=\"widget\" data-widget_type=\"button.default\">\n\t\t\t\t<div class=\"elementor-widget-container\">\n\t\t\t\t\t\t\t\t\t<div class=\"elementor-button-wrapper\">\n\t\t\t\t\t<a class=\"elementor-button elementor-button-link elementor-size-sm\" href=\"https:\/\/www.ninasenecic.com\/transpersonalna-psihoterapija\/\">\n\t\t\t\t\t\t<span class=\"elementor-button-content-wrapper\">\n\t\t\t\t\t\t\t\t\t<span class=\"elementor-button-text\">Pro\u010ditaj vi\u0161e<\/span>\n\t\t\t\t\t<\/span>\n\t\t\t\t\t<\/a>\n\t\t\t\t<\/div>\n\t\t\t\t\t\t\t\t<\/div>\n\t\t\t\t<\/div>\n\t\t\t\t<\/div>\n\t\t\t\t<\/div>\n\t\t<div class=\"elementor-element elementor-element-d689bb8 e-grid e-con-full wpr-particle-no wpr-jarallax-no wpr-parallax-no wpr-sticky-section-no e-con e-child\" data-id=\"d689bb8\" data-element_type=\"container\" data-settings=\"{&quot;background_background&quot;:&quot;classic&quot;}\">\n\t\t<div class=\"elementor-element elementor-element-90292b6 e-con-full e-flex wpr-particle-no wpr-jarallax-no wpr-parallax-no wpr-sticky-section-no e-con e-child\" data-id=\"90292b6\" data-element_type=\"container\">\n\t\t\t\t<div class=\"elementor-element elementor-element-f7591a7 elementor-widget elementor-widget-heading\" data-id=\"f7591a7\" data-element_type=\"widget\" data-widget_type=\"heading.default\">\n\t\t\t\t<div class=\"elementor-widget-container\">\n\t\t\t\t\t<h2 class=\"elementor-heading-title elementor-size-default\">Coaching \u2013 osobni i poslovni<\/h2>\t\t\t\t<\/div>\n\t\t\t\t<\/div>\n\t\t\t\t<div class=\"elementor-element elementor-element-b5238aa elementor-widget elementor-widget-text-editor\" data-id=\"b5238aa\" data-element_type=\"widget\" data-widget_type=\"text-editor.default\">\n\t\t\t\t<div class=\"elementor-widget-container\">\n\t\t\t\t\t\t\t\t\t<p>Coaching je partnerski proces koji poma\u017ee jasno vidjeti gdje jesi, kamo ide\u0161 i \u0161to ti treba da stigne\u0161 tamo. Povezuje ICF standarde s tjelesnom svjesno\u0161\u0107u i regulacijom \u017eiv\u010danog sustava kako bi se promjena doista utjelovila.<\/p>\t\t\t\t\t\t\t\t<\/div>\n\t\t\t\t<\/div>\n\t\t\t\t<div class=\"elementor-element elementor-element-f5ce362 elementor-mobile-align-center elementor-widget elementor-widget-button\" data-id=\"f5ce362\" data-element_type=\"widget\" data-widget_type=\"button.default\">\n\t\t\t\t<div class=\"elementor-widget-container\">\n\t\t\t\t\t\t\t\t\t<div class=\"elementor-button-wrapper\">\n\t\t\t\t\t<a class=\"elementor-button elementor-button-link elementor-size-sm\" href=\"https:\/\/www.ninasenecic.com\/coaching\/\">\n\t\t\t\t\t\t<span class=\"elementor-button-content-wrapper\">\n\t\t\t\t\t\t\t\t\t<span class=\"elementor-button-text\">Pro\u010ditaj vi\u0161e<\/span>\n\t\t\t\t\t<\/span>\n\t\t\t\t\t<\/a>\n\t\t\t\t<\/div>\n\t\t\t\t\t\t\t\t<\/div>\n\t\t\t\t<\/div>\n\t\t\t\t<\/div>\n\t\t\t\t<div class=\"elementor-element elementor-element-d76e8ba elementor-widget elementor-widget-image\" data-id=\"d76e8ba\" data-element_type=\"widget\" data-widget_type=\"image.default\">\n\t\t\t\t<div class=\"elementor-widget-container\">\n\t\t\t\t\t\t\t\t\t\t\t\t\t\t\t<img loading=\"lazy\" decoding=\"async\" width=\"812\" height=\"1024\" src=\"https:\/\/www.ninasenecic.com\/wp-content\/uploads\/2025\/10\/Foto-4-812x1024.jpg\" class=\"attachment-large size-large wp-image-4509\" alt=\"\" srcset=\"https:\/\/www.ninasenecic.com\/wp-content\/uploads\/2025\/10\/Foto-4-812x1024.jpg 812w, https:\/\/www.ninasenecic.com\/wp-content\/uploads\/2025\/10\/Foto-4-238x300.jpg 238w, https:\/\/www.ninasenecic.com\/wp-content\/uploads\/2025\/10\/Foto-4-768x969.jpg 768w, https:\/\/www.ninasenecic.com\/wp-content\/uploads\/2025\/10\/Foto-4-1217x1536.jpg 1217w, https:\/\/www.ninasenecic.com\/wp-content\/uploads\/2025\/10\/Foto-4-1623x2048.jpg 1623w, https:\/\/www.ninasenecic.com\/wp-content\/uploads\/2025\/10\/Foto-4-10x12.jpg 10w, https:\/\/www.ninasenecic.com\/wp-content\/uploads\/2025\/10\/Foto-4-scaled.jpg 2029w\" sizes=\"(max-width: 812px) 100vw, 812px\" \/>\t\t\t\t\t\t\t\t\t\t\t\t\t\t\t<\/div>\n\t\t\t\t<\/div>\n\t\t\t\t<\/div>\n\t\t\t\t\t<\/div>\n\t\t\t\t<\/div>\n\t\t\t\t<\/div>\n\t\t","protected":false},"excerpt":{"rendered":"<p>Metode Metode koje koristim u svom radu Integrativna tjelesno orijentirana psihoterapija (ITOP) Integrativna tjelesno orijentirana psihoterapija (ITOP) polazi od ideje da tijelo pohranjuje na\u0161e pri\u010de, rane i resurse. Radom s tijelom i \u017eiv\u010danim sustavom poti\u010de se regulacija, prisutnost i otpu\u0161tanje napetosti, \u010dime tijelo prirodno aktivira kapacitet za ravnote\u017eu i iscjeljenje. Pro\u010ditaj vi\u0161e Rad s traumom Integrativna tjelesno orijentirana Trauma ne \u017eivi samo u sje\u0107anju, ve\u0107 i u tijelu &#8211; kroz dah, napetosti i obrasce odnosa. Kroz pa\u017eljiv i ritmi\u010dan rad s tijelom u\u010dimo sigurno pristupiti tim slojevima, ja\u010daju\u0107i osje\u0107aj regulacije i unutarnjeg oslonca.(ITOP) polazi od ideje da tijelo pohranjuje na\u0161e pri\u010de, rane i resurse. Radom s tijelom i \u017eiv\u010danim sustavom poti\u010de se regulacija, prisutnost i otpu\u0161tanje napetosti, \u010dime tijelo prirodno aktivira kapacitet za ravnote\u017eu i iscjeljenje. Pro\u010ditaj vi\u0161e Open floor &#8211; svjesni ples i pokret Open Floor je praksa svjesnog pokreta i plesa koja kroz tijelo otvara prostor za istra\u017eivanje, regulaciju i integraciju. Svaka kretnja postaje prilika za povezanost, slobodu i ve\u0107u fleksibilnost u \u017eivotu. Pro\u010ditaj vi\u0161e Transpersonalna psihoterapija Transpersonalna psihoterapija povezuje psiholo\u0161ki i tjelesni rad s dubljom dimenzijom svijesti, stvaraju\u0107i prostor za smisao, cjelovitost i unutarnju integraciju. Pro\u010ditaj vi\u0161e Coaching \u2013 osobni i poslovni Coaching je partnerski proces koji poma\u017ee jasno vidjeti gdje jesi, kamo ide\u0161 i \u0161to ti treba da stigne\u0161 tamo. Povezuje ICF standarde s tjelesnom svjesno\u0161\u0107u i regulacijom \u017eiv\u010danog sustava kako bi se promjena doista utjelovila. Pro\u010ditaj vi\u0161e<\/p>\n","protected":false},"author":3,"featured_media":0,"parent":0,"menu_order":0,"comment_status":"closed","ping_status":"closed","template":"elementor_header_footer","meta":{"_acf_changed":false,"footnotes":""},"class_list":["post-4276","page","type-page","status-publish","hentry"],"blocksy_meta":[],"acf":[],"_links":{"self":[{"href":"https:\/\/www.ninasenecic.com\/hr\/wp-json\/wp\/v2\/pages\/4276"}],"collection":[{"href":"https:\/\/www.ninasenecic.com\/hr\/wp-json\/wp\/v2\/pages"}],"about":[{"href":"https:\/\/www.ninasenecic.com\/hr\/wp-json\/wp\/v2\/types\/page"}],"author":[{"embeddable":true,"href":"https:\/\/www.ninasenecic.com\/hr\/wp-json\/wp\/v2\/users\/3"}],"replies":[{"embeddable":true,"href":"https:\/\/www.ninasenecic.com\/hr\/wp-json\/wp\/v2\/comments?post=4276"}],"version-history":[{"count":41,"href":"https:\/\/www.ninasenecic.com\/hr\/wp-json\/wp\/v2\/pages\/4276\/revisions"}],"predecessor-version":[{"id":4916,"href":"https:\/\/www.ninasenecic.com\/hr\/wp-json\/wp\/v2\/pages\/4276\/revisions\/4916"}],"wp:attachment":[{"href":"https:\/\/www.ninasenecic.com\/hr\/wp-json\/wp\/v2\/media?parent=4276"}],"curies":[{"name":"wp","href":"https:\/\/api.w.org\/{rel}","templated":true}]}}