{"id":4267,"date":"2025-10-16T14:24:04","date_gmt":"2025-10-16T13:24:04","guid":{"rendered":"https:\/\/www.ninasenecic.com\/?page_id=4267"},"modified":"2025-11-24T20:33:53","modified_gmt":"2025-11-24T19:33:53","slug":"kalendar","status":"publish","type":"page","link":"https:\/\/www.ninasenecic.com\/hr\/kalendar\/","title":{"rendered":"Kalendar"},"content":{"rendered":"\t\t<div data-elementor-type=\"wp-page\" data-elementor-id=\"4267\" class=\"elementor elementor-4267\">\n\t\t\t\t<div class=\"elementor-element elementor-element-62305329 e-flex e-con-boxed wpr-particle-no wpr-jarallax-no wpr-parallax-no wpr-sticky-section-no e-con e-parent\" data-id=\"62305329\" data-element_type=\"container\">\n\t\t\t\t\t<div class=\"e-con-inner\">\n\t\t\t\t<div class=\"elementor-element elementor-element-59b8b93a elementor-widget elementor-widget-heading\" data-id=\"59b8b93a\" data-element_type=\"widget\" data-widget_type=\"heading.default\">\n\t\t\t\t<div class=\"elementor-widget-container\">\n\t\t\t\t\t<h2 class=\"elementor-heading-title elementor-size-default\">Kalendar<\/h2>\t\t\t\t<\/div>\n\t\t\t\t<\/div>\n\t\t\t\t<div class=\"elementor-element elementor-element-4193d509 elementor-widget elementor-widget-text-editor\" data-id=\"4193d509\" data-element_type=\"widget\" data-widget_type=\"text-editor.default\">\n\t\t\t\t<div class=\"elementor-widget-container\">\n\t\t\t\t\t\t\t\t\t<p>U nastavku je popis aktualnih aktivnosti i doaga\u0111anja. Klikom na gumb\u00a0Vi\u0161e informacija\u00a0otvara se detaljni opis i link za prijavu.<\/p><p>Sivo osjen\u010dane radionice su radionice na koje se trenuta\u010dno nije mogu\u0107e prijaviti (sva mjesta su ve\u0107 popunjena). Svakako, i za takve aktivnosti se mo\u017eete upisati na listu \u010dekanja, a mi \u0107emo Vas pravovremeno obavijestiti o novim terminima, eventualnim promjenama na listi i sl.<\/p>\t\t\t\t\t\t\t\t<\/div>\n\t\t\t\t<\/div>\n\t\t\t\t<div class=\"elementor-element elementor-element-e01e42c wpr-list-style-none elementor-widget elementor-widget-wpr-posts-timeline\" data-id=\"e01e42c\" data-element_type=\"widget\" data-settings=\"{&quot;animation_offset&quot;:150,&quot;aos_animation_duration&quot;:600,&quot;excerpt_count&quot;:10}\" data-widget_type=\"wpr-posts-timeline.default\">\n\t\t\t\t<div class=\"elementor-widget-container\">\n\t\t\t\t\t<div class=\"wpr-wrapper wpr-vertical wpr-centered\"><div class=\"wpr-timeline-centered wpr-line wpr-both-sided-timeline\"  data-pagination=\"\" data-max-pages=\"1\" data-arrow-bgcolor=\"#FFFFFF\"><div class=\"wpr-middle-line\"><\/div><div class=\"wpr-timeline-fill\" data-layout=\"centered\"><\/div><article class=\"wpr-timeline-entry wpr-left-aligned\" data-counter=\"0\"><time class=\"wpr-extra-label\" data-aos=\"fade\" data-aos-left=\"\" data-aos-right=\"\" data-animation-offset=\"150\" data-animation-duration=\"600\"><span class=\"wpr-label\">23. 5. 2026. - Ljubljana<\/span><\/time><div class=\"wpr-timeline-entry-inner\"><div class=\"wpr-main-line-icon wpr-icon\"><i aria-hidden=\"true\" class=\"far fa-calendar-alt\"><\/i><\/div><div class=\"wpr-story-info-vertical wpr-data-wrap animated \" data-aos=\"fade\" data-aos-left=\"\" data-aos-right=\"\" data-animation-offset=\"150\" data-animation-duration=\"600\"><div class=\"wpr-animation-wrap wpr-timeline-media\"><img decoding=\"async\" class=\"wpr-thumbnail-image\" src=\"https:\/\/www.ninasenecic.com\/wp-content\/uploads\/2026\/03\/12.3._Strast-zivljenja.jpg\"><\/div><div class=\"wpr-timeline-content-wrapper\"><p class=\"wpr-title-wrap\"><a class=\"wpr-title\"  href=\"https:\/\/www.ninasenecic.com\/hr\/strast-zivljenja-radionica-vitalnosti\/\">Strast \u017eivljenja<\/a><\/p><div class=\"wpr-description\">Kako tijelo ponovno u\u010di podr\u017eavati vlastitu \u017eivotnu energiju Radionica o&hellip;<\/div><div class=\"wpr-read-more-wrap\"><a class=\"wpr-read-more-button\" href=\"https:\/\/www.ninasenecic.com\/hr\/strast-zivljenja-radionica-vitalnosti\/\">Vi\u0161e informacija<\/a><\/div><\/div><\/div><\/div><\/article><article class=\"wpr-timeline-entry wpr-right-aligned\" data-counter=\"1\"><time class=\"wpr-extra-label\" data-aos=\"fade\" data-aos-left=\"\" data-aos-right=\"\" data-animation-offset=\"150\" data-animation-duration=\"600\"><span class=\"wpr-label\">07.03.2026. - Ljubljana<\/span><\/time><div class=\"wpr-timeline-entry-inner\"><div class=\"wpr-main-line-icon wpr-icon\"><i aria-hidden=\"true\" class=\"far fa-calendar-alt\"><\/i><\/div><div class=\"wpr-story-info-vertical wpr-data-wrap animated \" data-aos=\"fade\" data-aos-left=\"\" data-aos-right=\"\" data-animation-offset=\"150\" data-animation-duration=\"600\"><div class=\"wpr-animation-wrap wpr-timeline-media\"><img decoding=\"async\" class=\"wpr-thumbnail-image\" src=\"https:\/\/www.ninasenecic.com\/wp-content\/uploads\/2026\/01\/16.1._Darovi-ranjivosti-\u2013-Tijelo-koje-se-usudi-biti-otvoreno_objava.jpg\"><\/div><div class=\"wpr-timeline-content-wrapper\"><p class=\"wpr-title-wrap\"><a class=\"wpr-title\"  href=\"https:\/\/www.ninasenecic.com\/hr\/darovi-ranjivosti-tijelo-koje-se-usudi-biti-otvoreno\/\">Darovi ranjivosti \u2013 Tijelo koje se usudi biti otvoreno<\/a><\/p><div class=\"wpr-description\">Radionica o zreloj ranjivosti, regulaciji i unutarnjem kapacitetuLjubljana, 7. o\u017eujka&hellip;<\/div><div class=\"wpr-read-more-wrap\"><a class=\"wpr-read-more-button\" href=\"https:\/\/www.ninasenecic.com\/hr\/darovi-ranjivosti-tijelo-koje-se-usudi-biti-otvoreno\/\">Vi\u0161e informacija<\/a><\/div><\/div><\/div><\/div><\/article><article class=\"wpr-timeline-entry wpr-left-aligned\" data-counter=\"2\"><time class=\"wpr-extra-label\" data-aos=\"fade\" data-aos-left=\"\" data-aos-right=\"\" data-animation-offset=\"150\" data-animation-duration=\"600\"><span class=\"wpr-label\">20.09.2025. - 18.04.2026. - Zagreb <\/span><\/time><div class=\"wpr-timeline-entry-inner\"><div class=\"wpr-main-line-icon wpr-icon\"><i aria-hidden=\"true\" class=\"far fa-calendar-alt\"><\/i><\/div><div class=\"wpr-story-info-vertical wpr-data-wrap animated \" data-aos=\"fade\" data-aos-left=\"\" data-aos-right=\"\" data-animation-offset=\"150\" data-animation-duration=\"600\"><div class=\"wpr-animation-wrap wpr-timeline-media\"><img decoding=\"async\" class=\"wpr-thumbnail-image\" src=\"https:\/\/www.ninasenecic.com\/wp-content\/uploads\/2025\/10\/11.7._SAVE-THE-DATE-SVJESNO-TIJELO-\u2013-ciklus-radionica_HR-1.jpg\"><\/div><div class=\"wpr-timeline-content-wrapper\"><p class=\"wpr-title-wrap\"><a class=\"wpr-title\"  href=\"https:\/\/www.ninasenecic.com\/hr\/svjesno-tijelo-od-napetosti-do-lakoce2\/\">SVJESNO TIJELO: od napetosti do lako\u0107e<\/a><\/p><div class=\"wpr-description\">Radionica Autenti\u010dnost iz sr\u017ei \u2013 tijelo koje zna tko si&hellip;<\/div><div class=\"wpr-read-more-wrap\"><a class=\"wpr-read-more-button\" href=\"https:\/\/www.ninasenecic.com\/hr\/svjesno-tijelo-od-napetosti-do-lakoce2\/\">Vi\u0161e informacija<\/a><\/div><\/div><\/div><\/div><\/article><article class=\"wpr-timeline-entry wpr-right-aligned\" data-counter=\"3\"><time class=\"wpr-extra-label\" data-aos=\"fade\" data-aos-left=\"\" data-aos-right=\"\" data-animation-offset=\"150\" data-animation-duration=\"600\"><span class=\"wpr-label\">11.09.2025. - 23.04.2026. - Zagreb<\/span><\/time><div class=\"wpr-timeline-entry-inner\"><div class=\"wpr-main-line-icon wpr-icon\"><i aria-hidden=\"true\" class=\"far fa-calendar-alt\"><\/i><\/div><div class=\"wpr-story-info-vertical wpr-data-wrap animated \" data-aos=\"fade\" data-aos-left=\"\" data-aos-right=\"\" data-animation-offset=\"150\" data-animation-duration=\"600\"><div class=\"wpr-animation-wrap wpr-timeline-media\"><img decoding=\"async\" class=\"wpr-thumbnail-image\" src=\"https:\/\/www.ninasenecic.com\/wp-content\/uploads\/2025\/10\/11.7._SAVE-THE-DATE-SVJESNO-TIJELO-\u2013-ciklus-radionica_HR-1-copy.jpg\"><\/div><div class=\"wpr-timeline-content-wrapper\"><p class=\"wpr-title-wrap\"><a class=\"wpr-title\"  href=\"https:\/\/www.ninasenecic.com\/hr\/supervizijske-grupe-2025-2026-zagreb2\/\">Supervizijske grupe 2025\/2026, Zagreb<\/a><\/p><div class=\"wpr-description\">Supervizijske grupe otvorene su za sve studente tjelesno usmjerene psihoterapije&hellip;<\/div><div class=\"wpr-read-more-wrap\"><a class=\"wpr-read-more-button\" href=\"https:\/\/www.ninasenecic.com\/hr\/supervizijske-grupe-2025-2026-zagreb2\/\">Vi\u0161e informacija<\/a><\/div><\/div><\/div><\/div><\/article><article class=\"wpr-timeline-entry wpr-left-aligned\" data-counter=\"4\"><time class=\"wpr-extra-label\" data-aos=\"fade\" data-aos-left=\"\" data-aos-right=\"\" data-animation-offset=\"150\" data-animation-duration=\"600\"><span class=\"wpr-label\"> 23.09.2025 - 26.05.2026. - Ljubljana<\/span><\/time><div class=\"wpr-timeline-entry-inner\"><div class=\"wpr-main-line-icon wpr-icon\"><i aria-hidden=\"true\" class=\"far fa-calendar-alt\"><\/i><\/div><div class=\"wpr-story-info-vertical wpr-data-wrap animated \" data-aos=\"fade\" data-aos-left=\"\" data-aos-right=\"\" data-animation-offset=\"150\" data-animation-duration=\"600\"><div class=\"wpr-animation-wrap wpr-timeline-media\"><img decoding=\"async\" class=\"wpr-thumbnail-image\" src=\"https:\/\/www.ninasenecic.com\/wp-content\/uploads\/2025\/10\/krila_DSC00013.jpg\"><\/div><div class=\"wpr-timeline-content-wrapper\"><p class=\"wpr-title-wrap\"><a class=\"wpr-title\"  href=\"https:\/\/www.ninasenecic.com\/hr\/supervizijske-skupine-2025-2026-ljubljana2\/\">Supervizijske skupine 2025\/2026, Ljubljana<\/a><\/p><div class=\"wpr-description\">Supervizijske skupine so odprte za vse \u0161tudente telesno usmerjene psihoterapije&hellip;<\/div><div class=\"wpr-read-more-wrap\"><a class=\"wpr-read-more-button\" href=\"https:\/\/www.ninasenecic.com\/hr\/supervizijske-skupine-2025-2026-ljubljana2\/\">Vi\u0161e informacija<\/a><\/div><\/div><\/div><\/div><\/article><article class=\"wpr-timeline-entry wpr-right-aligned\" data-counter=\"5\"><time class=\"wpr-extra-label\" data-aos=\"fade\" data-aos-left=\"\" data-aos-right=\"\" data-animation-offset=\"150\" data-animation-duration=\"600\"><span class=\"wpr-label\">04.10.2025. - Ljubljana<\/span><\/time><div class=\"wpr-timeline-entry-inner\"><div class=\"wpr-main-line-icon wpr-icon\"><i aria-hidden=\"true\" class=\"far fa-calendar-alt\"><\/i><\/div><div class=\"wpr-story-info-vertical wpr-data-wrap animated \" data-aos=\"fade\" data-aos-left=\"\" data-aos-right=\"\" data-animation-offset=\"150\" data-animation-duration=\"600\"><div class=\"wpr-animation-wrap wpr-timeline-media\"><img decoding=\"async\" class=\"wpr-thumbnail-image\" src=\"https:\/\/www.ninasenecic.com\/wp-content\/uploads\/2025\/11\/14.8.SVJESNO-TIJELO-Rad-s-unutarnjim-saboterom.jpg\"><\/div><div class=\"wpr-timeline-content-wrapper\"><p class=\"wpr-title-wrap\"><a class=\"wpr-title\"  href=\"https:\/\/www.ninasenecic.com\/hr\/svjesno-tijelo-rad-s-unutarnjim-saboterom2\/\">Svjesno tijelo: Rad s unutarnjim saboterom<\/a><\/p><div class=\"wpr-description\">Zna\u0161 \u0161to \u017eeli\u0161, ali ipak ne ide\u0161 za tim?Krene\u0161 pa&hellip;<\/div><div class=\"wpr-read-more-wrap\"><a class=\"wpr-read-more-button\" href=\"https:\/\/www.ninasenecic.com\/hr\/svjesno-tijelo-rad-s-unutarnjim-saboterom2\/\">Vi\u0161e informacija<\/a><\/div><\/div><\/div><\/div><\/article><article class=\"wpr-timeline-entry wpr-left-aligned\" data-counter=\"6\"><time class=\"wpr-extra-label\" data-aos=\"fade\" data-aos-left=\"\" data-aos-right=\"\" data-animation-offset=\"150\" data-animation-duration=\"600\"><span class=\"wpr-label\">25-29.6.2025\u2028. - Bra\u010d<\/span><\/time><div class=\"wpr-timeline-entry-inner\"><div class=\"wpr-main-line-icon wpr-icon\"><i aria-hidden=\"true\" class=\"far fa-calendar-alt\"><\/i><\/div><div class=\"wpr-story-info-vertical wpr-data-wrap animated \" data-aos=\"fade\" data-aos-left=\"\" data-aos-right=\"\" data-animation-offset=\"150\" data-animation-duration=\"600\"><div class=\"wpr-animation-wrap wpr-timeline-media\"><img decoding=\"async\" class=\"wpr-thumbnail-image\" src=\"https:\/\/www.ninasenecic.com\/wp-content\/uploads\/2025\/10\/Nina-Senecic-smaller.jpg\"><\/div><div class=\"wpr-timeline-content-wrapper\"><p class=\"wpr-title-wrap\"><a class=\"wpr-title\"  href=\"https:\/\/www.ninasenecic.com\/hr\/korijeni-i-krila-sigurnost-u-prepustanju-ljetni-intenziv2\/\">Korijeni i krila: Sigurnost u prepu\u0161tanju &#8211;\u00a0Ljetni\u00a0Intenziv<\/a><\/p><div class=\"wpr-description\">Tijekom pet dana i sedam radionica istra\u017eivat \u0107emo ravnote\u017eu izme\u0111u&hellip;<\/div><div class=\"wpr-read-more-wrap\"><a class=\"wpr-read-more-button\" href=\"https:\/\/www.ninasenecic.com\/hr\/korijeni-i-krila-sigurnost-u-prepustanju-ljetni-intenziv2\/\">Vi\u0161e informacija<\/a><\/div><\/div><\/div><\/div><\/article><article class=\"wpr-timeline-entry wpr-right-aligned\" data-counter=\"7\"><time class=\"wpr-extra-label\" data-aos=\"fade\" data-aos-left=\"\" data-aos-right=\"\" data-animation-offset=\"150\" data-animation-duration=\"600\"><span class=\"wpr-label\">07.06.2025. - Ljubljana<\/span><\/time><div class=\"wpr-timeline-entry-inner\"><div class=\"wpr-main-line-icon wpr-icon\"><i aria-hidden=\"true\" class=\"far fa-calendar-alt\"><\/i><\/div><div class=\"wpr-story-info-vertical wpr-data-wrap animated \" data-aos=\"fade\" data-aos-left=\"\" data-aos-right=\"\" data-animation-offset=\"150\" data-animation-duration=\"600\"><div class=\"wpr-animation-wrap wpr-timeline-media\"><img decoding=\"async\" class=\"wpr-thumbnail-image\" src=\"https:\/\/www.ninasenecic.com\/wp-content\/uploads\/2025\/10\/zavesno-telo.jpg\"><\/div><div class=\"wpr-timeline-content-wrapper\"><p class=\"wpr-title-wrap\"><a class=\"wpr-title\"  href=\"https:\/\/www.ninasenecic.com\/hr\/zavestno-telo-uzitek-in-stili-navezanosti2\/\">Zavestno telo: U\u017eitek in stili navezanosti<\/a><\/p><div class=\"wpr-description\">Si dovoli\u0161 ob\u010dutiti u\u017eitek? In koliko ga zmore\u0161 deliti z&hellip;<\/div><div class=\"wpr-read-more-wrap\"><a class=\"wpr-read-more-button\" href=\"https:\/\/www.ninasenecic.com\/hr\/zavestno-telo-uzitek-in-stili-navezanosti2\/\">Vi\u0161e informacija<\/a><\/div><\/div><\/div><\/div><\/article><\/div><\/div>\t\t\t\t<\/div>\n\t\t\t\t<\/div>\n\t\t\t\t\t<\/div>\n\t\t\t\t<\/div>\n\t\t\t\t<\/div>\n\t\t","protected":false},"excerpt":{"rendered":"<p>Kalendar U nastavku je popis aktualnih aktivnosti i doaga\u0111anja. Klikom na gumb\u00a0Vi\u0161e informacija\u00a0otvara se detaljni opis i link za prijavu. Sivo osjen\u010dane radionice su radionice na koje se trenuta\u010dno nije mogu\u0107e prijaviti (sva mjesta su ve\u0107 popunjena). Svakako, i za takve aktivnosti se mo\u017eete upisati na listu \u010dekanja, a mi \u0107emo Vas pravovremeno obavijestiti o novim terminima, eventualnim promjenama na listi i sl. 20.09.2025. &#8211; 18.04.2026. &#8211; Zagreb SVJESNO TIJELO: od napetosti do lako\u0107e Ciklus radionica za one koji \u017eele otpustiti napetost i vratiti&hellip;Vi\u0161e informacija 11.09.2025. &#8211; 23.04.2026. &#8211; Zagreb Supervizijske grupe 2025\/2026, Zagreb Supervizijske grupe otvorene su za sve studente tjelesno usmjerene psihoterapije&hellip;Vi\u0161e informacija 23.09.2025 &#8211; 26.05.2026. &#8211; Ljubljana Supervizijske skupine 2025\/2026, Ljubljana Supervizijske skupine so odprte za vse \u0161tudente telesno usmerjene psihoterapije&hellip;Vi\u0161e informacija 04.10.2025. &#8211; Ljubljana Svjesno tijelo: Rad s unutarnjim saboterom Zna\u0161 \u0161to \u017eeli\u0161, ali ipak ne ide\u0161 za tim?Krene\u0161 pa&hellip;Vi\u0161e informacija 25-29.6.2025\u2028. &#8211; Bra\u010d Korijeni i krila: Sigurnost u prepu\u0161tanju &#8211;\u00a0Ljetni\u00a0Intenziv Tijekom pet dana i sedam radionica istra\u017eivat \u0107emo ravnote\u017eu izme\u0111u&hellip;Vi\u0161e informacija 07.06.2025. &#8211; Ljubljana Zavestno telo: U\u017eitek in stili navezanosti Si dovoli\u0161 ob\u010dutiti u\u017eitek? In koliko ga zmore\u0161 deliti z&hellip;Vi\u0161e informacija<\/p>\n","protected":false},"author":3,"featured_media":0,"parent":0,"menu_order":0,"comment_status":"closed","ping_status":"closed","template":"elementor_header_footer","meta":{"_acf_changed":false,"footnotes":""},"class_list":["post-4267","page","type-page","status-publish","hentry"],"blocksy_meta":[],"acf":[],"_links":{"self":[{"href":"https:\/\/www.ninasenecic.com\/hr\/wp-json\/wp\/v2\/pages\/4267"}],"collection":[{"href":"https:\/\/www.ninasenecic.com\/hr\/wp-json\/wp\/v2\/pages"}],"about":[{"href":"https:\/\/www.ninasenecic.com\/hr\/wp-json\/wp\/v2\/types\/page"}],"author":[{"embeddable":true,"href":"https:\/\/www.ninasenecic.com\/hr\/wp-json\/wp\/v2\/users\/3"}],"replies":[{"embeddable":true,"href":"https:\/\/www.ninasenecic.com\/hr\/wp-json\/wp\/v2\/comments?post=4267"}],"version-history":[{"count":35,"href":"https:\/\/www.ninasenecic.com\/hr\/wp-json\/wp\/v2\/pages\/4267\/revisions"}],"predecessor-version":[{"id":4905,"href":"https:\/\/www.ninasenecic.com\/hr\/wp-json\/wp\/v2\/pages\/4267\/revisions\/4905"}],"wp:attachment":[{"href":"https:\/\/www.ninasenecic.com\/hr\/wp-json\/wp\/v2\/media?parent=4267"}],"curies":[{"name":"wp","href":"https:\/\/api.w.org\/{rel}","templated":true}]}}