{"id":4251,"date":"2025-10-16T13:57:39","date_gmt":"2025-10-16T12:57:39","guid":{"rendered":"https:\/\/www.ninasenecic.com\/?page_id=4251"},"modified":"2025-11-24T20:29:01","modified_gmt":"2025-11-24T19:29:01","slug":"blog","status":"publish","type":"page","link":"https:\/\/www.ninasenecic.com\/hr\/blog\/","title":{"rendered":"Blog"},"content":{"rendered":"\t\t<div data-elementor-type=\"wp-page\" data-elementor-id=\"4251\" class=\"elementor elementor-4251\">\n\t\t\t\t<div class=\"elementor-element elementor-element-7f82fa0 e-flex e-con-boxed wpr-particle-no wpr-jarallax-no wpr-parallax-no wpr-sticky-section-no e-con e-parent\" data-id=\"7f82fa0\" data-element_type=\"container\">\n\t\t\t\t\t<div class=\"e-con-inner\">\n\t\t\t\t<div class=\"elementor-element elementor-element-d3cd254 elementor-widget elementor-widget-heading\" data-id=\"d3cd254\" data-element_type=\"widget\" data-widget_type=\"heading.default\">\n\t\t\t\t<div class=\"elementor-widget-container\">\n\t\t\t\t\t<h2 class=\"elementor-heading-title elementor-size-default\">Blog<\/h2>\t\t\t\t<\/div>\n\t\t\t\t<\/div>\n\t\t\t\t<div class=\"elementor-element elementor-element-c9cc8e0 elementor-widget elementor-widget-text-editor\" data-id=\"c9cc8e0\" data-element_type=\"widget\" data-widget_type=\"text-editor.default\">\n\t\t\t\t<div class=\"elementor-widget-container\">\n\t\t\t\t\t\t\t\t\t<p>Novosti, zanimljivosti i korisni \u010dlanci u vezi psihoterapije.<\/p>\t\t\t\t\t\t\t\t<\/div>\n\t\t\t\t<\/div>\n\t\t\t\t\t<\/div>\n\t\t\t\t<\/div>\n\t\t<div class=\"elementor-element elementor-element-5579015 e-flex e-con-boxed wpr-particle-no wpr-jarallax-no wpr-parallax-no wpr-sticky-section-no e-con e-parent\" data-id=\"5579015\" data-element_type=\"container\">\n\t\t\t\t\t<div class=\"e-con-inner\">\n\t\t\t\t<div class=\"elementor-element elementor-element-722d093 wpr-grid-columns-3 wpr-grid-columns--tablet2 wpr-grid-columns--mobile1 wpr-grid-pagination-center wpr-item-styles-inner elementor-widget elementor-widget-wpr-grid\" data-id=\"722d093\" data-element_type=\"widget\" data-widget_type=\"wpr-grid.default\">\n\t\t\t\t<div class=\"elementor-widget-container\">\n\t\t\t\t\t<ul class=\"wpr-grid-filters elementor-clearfix wpr-grid-filters-sep-right\"><li class=\" wpr-pointer-none wpr-pointer-line-fx wpr-pointer-fx-fade\"><span  data-filter=\"*\" class=\"wpr-grid-filters-item wpr-active-filter \"><i class=\" wpr-grid-filters-icon-left\"><\/i>All Posts<\/span><em class=\"wpr-grid-filters-sep\"><\/em><\/li><li class=\" wpr-pointer-none wpr-pointer-line-fx wpr-pointer-fx-fade\"><span   data-ajax-filter=[\"category\",\"clanci\"]  data-filter=\".category-clanci\"><i class=\" wpr-grid-filters-icon-left\"><\/i>\u010clanci<\/span><em class=\"wpr-grid-filters-sep\"><\/em><\/li><li class=\" wpr-pointer-none wpr-pointer-line-fx wpr-pointer-fx-fade\"><span   data-ajax-filter=[\"category\",\"blog\"]  data-filter=\".category-blog\"><i class=\" wpr-grid-filters-icon-left\"><\/i>Blog<\/span><em class=\"wpr-grid-filters-sep\"><\/em><\/li><\/ul><section class=\"wpr-grid elementor-clearfix\" data-settings=\"{&quot;layout&quot;:&quot;masonry&quot;,&quot;stick_last_element_to_bottom&quot;:&quot;no&quot;,&quot;columns_desktop&quot;:&quot;3&quot;,&quot;gutter_hr&quot;:20,&quot;gutter_hr_mobile&quot;:20,&quot;gutter_hr_mobile_extra&quot;:20,&quot;gutter_hr_tablet&quot;:20,&quot;gutter_hr_tablet_extra&quot;:20,&quot;gutter_hr_laptop&quot;:20,&quot;gutter_hr_widescreen&quot;:20,&quot;gutter_vr&quot;:20,&quot;gutter_vr_mobile&quot;:20,&quot;gutter_vr_mobile_extra&quot;:20,&quot;gutter_vr_tablet&quot;:20,&quot;gutter_vr_tablet_extra&quot;:20,&quot;gutter_vr_laptop&quot;:20,&quot;gutter_vr_widescreen&quot;:20,&quot;animation&quot;:&quot;fade&quot;,&quot;animation_duration&quot;:0.299999999999999988897769753748434595763683319091796875,&quot;animation_delay&quot;:0.1000000000000000055511151231257827021181583404541015625,&quot;deeplinking&quot;:&quot;no&quot;,&quot;filters_linkable&quot;:&quot;no&quot;,&quot;filters_default_filter&quot;:&quot;&quot;,&quot;filters_count&quot;:&quot;no&quot;,&quot;filters_hide_empty&quot;:&quot;no&quot;,&quot;filters_animation&quot;:&quot;default&quot;,&quot;filters_animation_duration&quot;:0.299999999999999988897769753748434595763683319091796875,&quot;filters_animation_delay&quot;:0.1000000000000000055511151231257827021181583404541015625,&quot;pagination_type&quot;:&quot;load-more&quot;,&quot;pagination_max_pages&quot;:3,&quot;lightbox&quot;:{&quot;selector&quot;:&quot;.wpr-grid-image-wrap&quot;,&quot;iframeMaxWidth&quot;:&quot;60%&quot;,&quot;hash&quot;:false,&quot;autoplay&quot;:&quot;true&quot;,&quot;pause&quot;:5000,&quot;progressBar&quot;:&quot;true&quot;,&quot;counter&quot;:&quot;true&quot;,&quot;controls&quot;:&quot;true&quot;,&quot;getCaptionFromTitleOrAlt&quot;:&quot;true&quot;,&quot;thumbnail&quot;:&quot;true&quot;,&quot;showThumbByDefault&quot;:&quot;true&quot;,&quot;share&quot;:&quot;true&quot;,&quot;zoom&quot;:&quot;true&quot;,&quot;fullScreen&quot;:&quot;true&quot;,&quot;download&quot;:&quot;true&quot;}}\"><article class=\"wpr-grid-item elementor-clearfix post-4819 post type-post status-publish format-standard has-post-thumbnail hentry category-clanci\"><div class=\"wpr-grid-item-inner\"><div class=\"wpr-grid-media-wrap wpr-effect-size-medium \" data-overlay-link=\"yes\"><div class=\"wpr-grid-image-wrap\" data-src=\"https:\/\/www.ninasenecic.com\/wp-content\/uploads\/2025\/11\/zena-razmislja-2.jpg\" data-img-on-hover=\"\"  data-src-secondary=\"\"><img decoding=\"async\" data-no-lazy=\"1\" src=\"https:\/\/www.ninasenecic.com\/wp-content\/plugins\/royal-elementor-addons\/assets\/img\/icon-256x256.png\" alt=\"Za\u0161to smo stalno napeti i \u0161to nam tijelo time govori?\" class=\"wpr-hidden-image wpr-anim-timing-ease-default\"><\/div><div class=\"wpr-grid-media-hover wpr-animation-wrap\"><div class=\"wpr-grid-media-hover-bg  wpr-overlay-fade-in wpr-anim-size-large wpr-anim-timing-ease-default wpr-anim-transparency\" data-url=\"https:\/\/www.ninasenecic.com\/hr\/zasto-smo-stalno-napeti-i-sto-nam-tijelo-time-govori\/\"><\/div><\/div><\/div><div class=\"wpr-grid-item-below-content elementor-clearfix\"><h2 class=\"wpr-grid-item-title elementor-repeater-item-9f39a9f wpr-grid-item-display-block wpr-grid-item-align-left wpr-pointer-none wpr-pointer-line-fx wpr-pointer-fx-slide\"><div class=\"inner-block\"><a target=\"_self\" href=\"https:\/\/www.ninasenecic.com\/hr\/zasto-smo-stalno-napeti-i-sto-nam-tijelo-time-govori\/\">Za\u0161to smo stalno napeti i \u0161to nam tijelo time govori?<\/a><\/div><\/h2><div class=\"wpr-grid-item-date elementor-repeater-item-d67239b wpr-grid-item-display-inline wpr-grid-item-align-left\"><div class=\"inner-block\"><span>14 studenoga, 2025<\/span><\/div><\/div><div class=\"wpr-grid-item-excerpt elementor-repeater-item-057905d wpr-grid-item-display-block wpr-grid-item-align-left\"><div class=\"inner-block\"><p>Napetost u tijelu nije samo posljedica u\u017eurbanog dana \u2014 ona je tihi zapis o tome kako smo \u017eivjeli odnose, koliko...<\/p><\/div><\/div><div class=\"wpr-grid-item-read-more elementor-repeater-item-636e00a wpr-grid-item-display-block wpr-grid-item-align-left\"><div class=\"inner-block\"><a target=\"_self\" href=\"https:\/\/www.ninasenecic.com\/hr\/zasto-smo-stalno-napeti-i-sto-nam-tijelo-time-govori\/\" class=\"wpr-button-effect wpr-button-none\"><span>Pro\u010ditaj objavu...<\/span><\/a><\/div><\/div><\/div><\/div><\/article><article class=\"wpr-grid-item elementor-clearfix post-3927 post type-post status-publish format-standard has-post-thumbnail hentry category-blog\"><div class=\"wpr-grid-item-inner\"><div class=\"wpr-grid-media-wrap wpr-effect-size-medium \" data-overlay-link=\"yes\"><div class=\"wpr-grid-image-wrap\" data-src=\"https:\/\/www.ninasenecic.com\/wp-content\/uploads\/2025\/06\/24.6._Zasto-nas-je-strah-uzitka__HR_objava-scaled.jpg\" data-img-on-hover=\"\"  data-src-secondary=\"\"><img decoding=\"async\" data-no-lazy=\"1\" src=\"https:\/\/www.ninasenecic.com\/wp-content\/plugins\/royal-elementor-addons\/assets\/img\/icon-256x256.png\" alt=\"Zna\u0161 li gdje ti je u ovom trenutku ugodno u tijelu?\" class=\"wpr-hidden-image wpr-anim-timing-ease-default\"><\/div><div class=\"wpr-grid-media-hover wpr-animation-wrap\"><div class=\"wpr-grid-media-hover-bg  wpr-overlay-fade-in wpr-anim-size-large wpr-anim-timing-ease-default wpr-anim-transparency\" data-url=\"https:\/\/www.ninasenecic.com\/hr\/znas-li-gdje-ti-je-u-ovom-trenutku-ugodno-u-tijelu\/\"><\/div><\/div><\/div><div class=\"wpr-grid-item-below-content elementor-clearfix\"><h2 class=\"wpr-grid-item-title elementor-repeater-item-9f39a9f wpr-grid-item-display-block wpr-grid-item-align-left wpr-pointer-none wpr-pointer-line-fx wpr-pointer-fx-slide\"><div class=\"inner-block\"><a target=\"_self\" href=\"https:\/\/www.ninasenecic.com\/hr\/znas-li-gdje-ti-je-u-ovom-trenutku-ugodno-u-tijelu\/\">Zna\u0161 li gdje ti je u ovom trenutku ugodno u tijelu?<\/a><\/div><\/h2><div class=\"wpr-grid-item-date elementor-repeater-item-d67239b wpr-grid-item-display-inline wpr-grid-item-align-left\"><div class=\"inner-block\"><span>26 lipnja, 2025<\/span><\/div><\/div><div class=\"wpr-grid-item-excerpt elementor-repeater-item-057905d wpr-grid-item-display-block wpr-grid-item-align-left\"><div class=\"inner-block\"><p>Mo\u017eda zvu\u010di kao jednostavno pitanje, ali ve\u0107ina nas zastane, zbunjena. Tijelo nam je postalo stranac, funkcionalan alat za \u201eodra\u0111ivanje\u201c \u017eivota,...<\/p><\/div><\/div><div class=\"wpr-grid-item-read-more elementor-repeater-item-636e00a wpr-grid-item-display-block wpr-grid-item-align-left\"><div class=\"inner-block\"><a target=\"_self\" href=\"https:\/\/www.ninasenecic.com\/hr\/znas-li-gdje-ti-je-u-ovom-trenutku-ugodno-u-tijelu\/\" class=\"wpr-button-effect wpr-button-none\"><span>Pro\u010ditaj objavu...<\/span><\/a><\/div><\/div><\/div><\/div><\/article><article class=\"wpr-grid-item elementor-clearfix post-3717 post type-post status-publish format-standard has-post-thumbnail hentry category-clanci\"><div class=\"wpr-grid-item-inner\"><div class=\"wpr-grid-media-wrap wpr-effect-size-medium \" data-overlay-link=\"yes\"><div class=\"wpr-grid-image-wrap\" data-src=\"https:\/\/www.ninasenecic.com\/wp-content\/uploads\/2025\/02\/WhatsApp-Slika-2025-02-14-u-17.00.52_32e88a9b.jpg\" data-img-on-hover=\"\"  data-src-secondary=\"\"><img decoding=\"async\" data-no-lazy=\"1\" src=\"https:\/\/www.ninasenecic.com\/wp-content\/plugins\/royal-elementor-addons\/assets\/img\/icon-256x256.png\" alt=\"Put transformacije: Korijeni kao oslonac, krila\u00a0kao\u00a0sloboda\" class=\"wpr-hidden-image wpr-anim-timing-ease-default\"><\/div><div class=\"wpr-grid-media-hover wpr-animation-wrap\"><div class=\"wpr-grid-media-hover-bg  wpr-overlay-fade-in wpr-anim-size-large wpr-anim-timing-ease-default wpr-anim-transparency\" data-url=\"https:\/\/www.ninasenecic.com\/hr\/put-transformacije-korijeni-kao-oslonac-krila-kao-sloboda\/\"><\/div><\/div><\/div><div class=\"wpr-grid-item-below-content elementor-clearfix\"><h2 class=\"wpr-grid-item-title elementor-repeater-item-9f39a9f wpr-grid-item-display-block wpr-grid-item-align-left wpr-pointer-none wpr-pointer-line-fx wpr-pointer-fx-slide\"><div class=\"inner-block\"><a target=\"_self\" href=\"https:\/\/www.ninasenecic.com\/hr\/put-transformacije-korijeni-kao-oslonac-krila-kao-sloboda\/\">Put transformacije: Korijeni kao oslonac, krila\u00a0kao\u00a0sloboda<\/a><\/div><\/h2><div class=\"wpr-grid-item-date elementor-repeater-item-d67239b wpr-grid-item-display-inline wpr-grid-item-align-left\"><div class=\"inner-block\"><span>14 velja\u010de, 2025<\/span><\/div><\/div><div class=\"wpr-grid-item-excerpt elementor-repeater-item-057905d wpr-grid-item-display-block wpr-grid-item-align-left\"><div class=\"inner-block\"><p>Na\u0161e naslje\u0111e oblikuje nas na nesvjesnim razinama \u2013 obiteljski obrasci, dru\u0161tvene norme i emotivna naslje\u0111a usa\u0111uju se duboko u na\u0161u...<\/p><\/div><\/div><div class=\"wpr-grid-item-read-more elementor-repeater-item-636e00a wpr-grid-item-display-block wpr-grid-item-align-left\"><div class=\"inner-block\"><a target=\"_self\" href=\"https:\/\/www.ninasenecic.com\/hr\/put-transformacije-korijeni-kao-oslonac-krila-kao-sloboda\/\" class=\"wpr-button-effect wpr-button-none\"><span>Pro\u010ditaj objavu...<\/span><\/a><\/div><\/div><\/div><\/div><\/article><article class=\"wpr-grid-item elementor-clearfix post-3431 post type-post status-publish format-standard has-post-thumbnail hentry category-clanci\"><div class=\"wpr-grid-item-inner\"><div class=\"wpr-grid-media-wrap wpr-effect-size-medium \" data-overlay-link=\"yes\"><div class=\"wpr-grid-image-wrap\" data-src=\"https:\/\/www.ninasenecic.com\/wp-content\/uploads\/2025\/01\/sigurnost-u-partnerskim-odnosima.jpg\" data-img-on-hover=\"\"  data-src-secondary=\"\"><img decoding=\"async\" data-no-lazy=\"1\" src=\"https:\/\/www.ninasenecic.com\/wp-content\/plugins\/royal-elementor-addons\/assets\/img\/icon-256x256.png\" alt=\"Sigurnost u partnerskim odnosima: Povratak sebi kroz svjesnost, pokret i transpersonalni pristup\" class=\"wpr-hidden-image wpr-anim-timing-ease-default\"><\/div><div class=\"wpr-grid-media-hover wpr-animation-wrap\"><div class=\"wpr-grid-media-hover-bg  wpr-overlay-fade-in wpr-anim-size-large wpr-anim-timing-ease-default wpr-anim-transparency\" data-url=\"https:\/\/www.ninasenecic.com\/hr\/sigurnost-u-partnerskim-odnosima-povratak-sebi-kroz-svjesnost-pokret-i-transpersonalni-pristup\/\"><\/div><\/div><\/div><div class=\"wpr-grid-item-below-content elementor-clearfix\"><h2 class=\"wpr-grid-item-title elementor-repeater-item-9f39a9f wpr-grid-item-display-block wpr-grid-item-align-left wpr-pointer-none wpr-pointer-line-fx wpr-pointer-fx-slide\"><div class=\"inner-block\"><a target=\"_self\" href=\"https:\/\/www.ninasenecic.com\/hr\/sigurnost-u-partnerskim-odnosima-povratak-sebi-kroz-svjesnost-pokret-i-transpersonalni-pristup\/\">Sigurnost u partnerskim odnosima: Povratak sebi kroz svjesnost, pokret i transpersonalni pristup<\/a><\/div><\/h2><div class=\"wpr-grid-item-date elementor-repeater-item-d67239b wpr-grid-item-display-inline wpr-grid-item-align-left\"><div class=\"inner-block\"><span>16 sije\u010dnja, 2025<\/span><\/div><\/div><div class=\"wpr-grid-item-excerpt elementor-repeater-item-057905d wpr-grid-item-display-block wpr-grid-item-align-left\"><div class=\"inner-block\"><p>Upartnerskim odnosima \u010desto se susre\u0107emo s izazovima koji nas tjeraju da preispitamo vlastite granice, o\u010dekivanja i unutarnje snage. Jedan od...<\/p><\/div><\/div><div class=\"wpr-grid-item-read-more elementor-repeater-item-636e00a wpr-grid-item-display-block wpr-grid-item-align-left\"><div class=\"inner-block\"><a target=\"_self\" href=\"https:\/\/www.ninasenecic.com\/hr\/sigurnost-u-partnerskim-odnosima-povratak-sebi-kroz-svjesnost-pokret-i-transpersonalni-pristup\/\" class=\"wpr-button-effect wpr-button-none\"><span>Pro\u010ditaj objavu...<\/span><\/a><\/div><\/div><\/div><\/div><\/article><article class=\"wpr-grid-item elementor-clearfix post-3417 post type-post status-publish format-standard has-post-thumbnail hentry category-clanci\"><div class=\"wpr-grid-item-inner\"><div class=\"wpr-grid-media-wrap wpr-effect-size-medium \" data-overlay-link=\"yes\"><div class=\"wpr-grid-image-wrap\" data-src=\"https:\/\/www.ninasenecic.com\/wp-content\/uploads\/2024\/12\/nina.avif\" data-img-on-hover=\"\"  data-src-secondary=\"\"><img decoding=\"async\" data-no-lazy=\"1\" src=\"https:\/\/www.ninasenecic.com\/wp-content\/plugins\/royal-elementor-addons\/assets\/img\/icon-256x256.png\" alt=\"Sensa podcast\" class=\"wpr-hidden-image wpr-anim-timing-ease-default\"><\/div><div class=\"wpr-grid-media-hover wpr-animation-wrap\"><div class=\"wpr-grid-media-hover-bg  wpr-overlay-fade-in wpr-anim-size-large wpr-anim-timing-ease-default wpr-anim-transparency\" data-url=\"https:\/\/www.ninasenecic.com\/hr\/3417\/\"><\/div><\/div><\/div><div class=\"wpr-grid-item-below-content elementor-clearfix\"><h2 class=\"wpr-grid-item-title elementor-repeater-item-9f39a9f wpr-grid-item-display-block wpr-grid-item-align-left wpr-pointer-none wpr-pointer-line-fx wpr-pointer-fx-slide\"><div class=\"inner-block\"><a target=\"_self\" href=\"https:\/\/www.ninasenecic.com\/hr\/3417\/\">Sensa podcast<\/a><\/div><\/h2><div class=\"wpr-grid-item-date elementor-repeater-item-d67239b wpr-grid-item-display-inline wpr-grid-item-align-left\"><div class=\"inner-block\"><span>19 prosinca, 2024<\/span><\/div><\/div><div class=\"wpr-grid-item-excerpt elementor-repeater-item-057905d wpr-grid-item-display-block wpr-grid-item-align-left\"><div class=\"inner-block\"><p>Gostovali smo u novoj epizodi Sensa podcasta s Anom Vehovar! Imali smo priliku podijeliti svoja iskustva i znanja o temi...<\/p><\/div><\/div><div class=\"wpr-grid-item-read-more elementor-repeater-item-636e00a wpr-grid-item-display-block wpr-grid-item-align-left\"><div class=\"inner-block\"><a target=\"_self\" href=\"https:\/\/www.ninasenecic.com\/hr\/3417\/\" class=\"wpr-button-effect wpr-button-none\"><span>Pro\u010ditaj objavu...<\/span><\/a><\/div><\/div><\/div><\/div><\/article><article class=\"wpr-grid-item elementor-clearfix post-3272 post type-post status-publish format-standard has-post-thumbnail hentry category-blog\"><div class=\"wpr-grid-item-inner\"><div class=\"wpr-grid-media-wrap wpr-effect-size-medium \" data-overlay-link=\"yes\"><div class=\"wpr-grid-image-wrap\" data-src=\"https:\/\/www.ninasenecic.com\/wp-content\/uploads\/2023\/09\/bruce-mars-wBuPCQiweuA-unsplash-scaled.jpg\" data-img-on-hover=\"\"  data-src-secondary=\"\"><img decoding=\"async\" data-no-lazy=\"1\" src=\"https:\/\/www.ninasenecic.com\/wp-content\/plugins\/royal-elementor-addons\/assets\/img\/icon-256x256.png\" alt=\"VEZA TIJELA I KARAKTERA\" class=\"wpr-hidden-image wpr-anim-timing-ease-default\"><\/div><div class=\"wpr-grid-media-hover wpr-animation-wrap\"><div class=\"wpr-grid-media-hover-bg  wpr-overlay-fade-in wpr-anim-size-large wpr-anim-timing-ease-default wpr-anim-transparency\" data-url=\"https:\/\/www.ninasenecic.com\/hr\/veza-tijela-i-karaktera\/\"><\/div><\/div><\/div><div class=\"wpr-grid-item-below-content elementor-clearfix\"><h2 class=\"wpr-grid-item-title elementor-repeater-item-9f39a9f wpr-grid-item-display-block wpr-grid-item-align-left wpr-pointer-none wpr-pointer-line-fx wpr-pointer-fx-slide\"><div class=\"inner-block\"><a target=\"_self\" href=\"https:\/\/www.ninasenecic.com\/hr\/veza-tijela-i-karaktera\/\">VEZA TIJELA I KARAKTERA<\/a><\/div><\/h2><div class=\"wpr-grid-item-date elementor-repeater-item-d67239b wpr-grid-item-display-inline wpr-grid-item-align-left\"><div class=\"inner-block\"><span>7 rujna, 2023<\/span><\/div><\/div><div class=\"wpr-grid-item-excerpt elementor-repeater-item-057905d wpr-grid-item-display-block wpr-grid-item-align-left\"><div class=\"inner-block\"><p>Jeste li ikada razmi\u0161ljali o tome na koji na\u010din su povezana na\u0161a tijela i na\u0161 karakter? Posturalna organizacija uvelike je...<\/p><\/div><\/div><div class=\"wpr-grid-item-read-more elementor-repeater-item-636e00a wpr-grid-item-display-block wpr-grid-item-align-left\"><div class=\"inner-block\"><a target=\"_self\" href=\"https:\/\/www.ninasenecic.com\/hr\/veza-tijela-i-karaktera\/\" class=\"wpr-button-effect wpr-button-none\"><span>Pro\u010ditaj objavu...<\/span><\/a><\/div><\/div><\/div><\/div><\/article><\/section><div class=\"wpr-grid-pagination elementor-clearfix wpr-grid-pagination-load-more\"><a href=\"https:\/\/www.ninasenecic.com\/hr\/wp-json\/wp\/v2\/pages\/4251\/page\/2\/\" class=\"wpr-load-more-btn\" data-e-disable-page-transition>U\u010ditaj jo\u0161 objava<\/a><div class=\"wpr-pagination-loading\"><div class=\"wpr-double-bounce\"><div class=\"wpr-child wpr-double-bounce1\"><\/div><div class=\"wpr-child wpr-double-bounce2\"><\/div><\/div><\/div><p class=\"wpr-pagination-finish\">End of Content.<\/p><\/div>\t\t\t\t<\/div>\n\t\t\t\t<\/div>\n\t\t\t\t\t<\/div>\n\t\t\t\t<\/div>\n\t\t\t\t<\/div>\n\t\t","protected":false},"excerpt":{"rendered":"<p>Blog Novosti, zanimljivosti i korisni \u010dlanci u vezi psihoterapije. All Posts \u010clanci Blog Zna\u0161 li gdje ti je u ovom trenutku ugodno u tijelu? June 26, 2025 Mo\u017eda zvu\u010di kao jednostavno pitanje, ali ve\u0107ina nas zastane, zbunjena. Tijelo nam je postalo stranac, funkcionalan alat za \u201eodra\u0111ivanje\u201c \u017eivota,&#8230; Pro\u010ditaj objavu&#8230; Put transformacije: Korijeni kao oslonac, krila\u00a0kao\u00a0sloboda February 14, 2025 Na\u0161e naslje\u0111e oblikuje nas na nesvjesnim razinama \u2013 obiteljski obrasci, dru\u0161tvene norme i emotivna naslje\u0111a usa\u0111uju se duboko u na\u0161u&#8230; Pro\u010ditaj objavu&#8230; Sigurnost u partnerskim odnosima: Povratak sebi kroz svjesnost, pokret i transpersonalni pristup January 16, 2025 Upartnerskim odnosima \u010desto se susre\u0107emo s izazovima koji nas tjeraju da preispitamo vlastite granice, o\u010dekivanja i unutarnje snage. Jedan od&#8230; Pro\u010ditaj objavu&#8230; Sensa podcast December 19, 2024 Gostovali smo u novoj epizodi Sensa podcasta s Anom Vehovar! Imali smo priliku podijeliti svoja iskustva i znanja o temi&#8230; Pro\u010ditaj objavu&#8230; VEZA TIJELA I KARAKTERA September 7, 2023 Jeste li ikada razmi\u0161ljali o tome na koji na\u010din su povezana na\u0161a tijela i na\u0161 karakter? Posturalna organizacija uvelike je&#8230; Pro\u010ditaj objavu&#8230; INTERVJU ZA SENSA SLOVENIJA August 10, 2023 Opi\u0161ite nam osnovna na\u010dela tjelesne psihoterapije; kakav je koncept tijela u tjelesnoj psihoterapiji i kako se ovaj pristup razlikuje od&#8230; Pro\u010ditaj objavu&#8230; U\u010ditaj jo\u0161 objava End of Content.<\/p>\n","protected":false},"author":3,"featured_media":0,"parent":0,"menu_order":0,"comment_status":"closed","ping_status":"closed","template":"elementor_header_footer","meta":{"_acf_changed":false,"footnotes":""},"class_list":["post-4251","page","type-page","status-publish","hentry"],"blocksy_meta":[],"acf":[],"_links":{"self":[{"href":"https:\/\/www.ninasenecic.com\/hr\/wp-json\/wp\/v2\/pages\/4251"}],"collection":[{"href":"https:\/\/www.ninasenecic.com\/hr\/wp-json\/wp\/v2\/pages"}],"about":[{"href":"https:\/\/www.ninasenecic.com\/hr\/wp-json\/wp\/v2\/types\/page"}],"author":[{"embeddable":true,"href":"https:\/\/www.ninasenecic.com\/hr\/wp-json\/wp\/v2\/users\/3"}],"replies":[{"embeddable":true,"href":"https:\/\/www.ninasenecic.com\/hr\/wp-json\/wp\/v2\/comments?post=4251"}],"version-history":[{"count":20,"href":"https:\/\/www.ninasenecic.com\/hr\/wp-json\/wp\/v2\/pages\/4251\/revisions"}],"predecessor-version":[{"id":4888,"href":"https:\/\/www.ninasenecic.com\/hr\/wp-json\/wp\/v2\/pages\/4251\/revisions\/4888"}],"wp:attachment":[{"href":"https:\/\/www.ninasenecic.com\/hr\/wp-json\/wp\/v2\/media?parent=4251"}],"curies":[{"name":"wp","href":"https:\/\/api.w.org\/{rel}","templated":true}]}}