{"id":4058,"date":"2025-10-15T11:40:39","date_gmt":"2025-10-15T10:40:39","guid":{"rendered":"https:\/\/www.ninasenecic.com\/?page_id=4058"},"modified":"2026-01-15T10:02:49","modified_gmt":"2026-01-15T09:02:49","slug":"home","status":"publish","type":"page","link":"https:\/\/www.ninasenecic.com\/hr\/","title":{"rendered":"Home"},"content":{"rendered":"\t\t<div data-elementor-type=\"wp-page\" data-elementor-id=\"4058\" class=\"elementor elementor-4058\">\n\t\t\t\t<div class=\"elementor-element elementor-element-965c20a e-con-full e-flex wpr-particle-no wpr-jarallax-no wpr-parallax-no wpr-sticky-section-no e-con e-parent\" data-id=\"965c20a\" data-element_type=\"container\" data-settings=\"{&quot;shape_divider_bottom&quot;:&quot;waves&quot;,&quot;shape_divider_bottom_negative&quot;:&quot;yes&quot;}\">\n\t\t\t\t<div class=\"elementor-shape elementor-shape-bottom\" aria-hidden=\"true\" data-negative=\"true\">\n\t\t\t<svg xmlns=\"http:\/\/www.w3.org\/2000\/svg\" viewBox=\"0 0 1000 100\" preserveAspectRatio=\"none\">\n\t<path class=\"elementor-shape-fill\" d=\"M790.5,93.1c-59.3-5.3-116.8-18-192.6-50c-29.6-12.7-76.9-31-100.5-35.9c-23.6-4.9-52.6-7.8-75.5-5.3\n\tc-10.2,1.1-22.6,1.4-50.1,7.4c-27.2,6.3-58.2,16.6-79.4,24.7c-41.3,15.9-94.9,21.9-134,22.6C72,58.2,0,25.8,0,25.8V100h1000V65.3\n\tc0,0-51.5,19.4-106.2,25.7C839.5,97,814.1,95.2,790.5,93.1z\"\/>\n<\/svg>\t\t<\/div>\n\t\t<div class=\"elementor-element elementor-element-dbcd306 e-grid e-con-boxed wpr-particle-no wpr-jarallax-no wpr-parallax-no wpr-sticky-section-no e-con e-child\" data-id=\"dbcd306\" data-element_type=\"container\">\n\t\t\t\t\t<div class=\"e-con-inner\">\n\t\t<div class=\"elementor-element elementor-element-4d5cf6d e-con-full e-flex wpr-particle-no wpr-jarallax-no wpr-parallax-no wpr-sticky-section-no e-con e-child\" data-id=\"4d5cf6d\" data-element_type=\"container\">\n\t\t\t\t<div class=\"elementor-element elementor-element-9e9c9d1 polaroid elementor-widget elementor-widget-image\" data-id=\"9e9c9d1\" data-element_type=\"widget\" data-widget_type=\"image.default\">\n\t\t\t\t<div class=\"elementor-widget-container\">\n\t\t\t\t\t\t\t\t\t\t\t\t\t\t\t<img fetchpriority=\"high\" decoding=\"async\" width=\"734\" height=\"1024\" src=\"https:\/\/www.ninasenecic.com\/wp-content\/uploads\/2025\/10\/Foto-211-734x1024.jpg\" class=\"attachment-large size-large wp-image-4484\" alt=\"\" srcset=\"https:\/\/www.ninasenecic.com\/wp-content\/uploads\/2025\/10\/Foto-211-734x1024.jpg 734w, https:\/\/www.ninasenecic.com\/wp-content\/uploads\/2025\/10\/Foto-211-215x300.jpg 215w, https:\/\/www.ninasenecic.com\/wp-content\/uploads\/2025\/10\/Foto-211-768x1072.jpg 768w, https:\/\/www.ninasenecic.com\/wp-content\/uploads\/2025\/10\/Foto-211-1101x1536.jpg 1101w, https:\/\/www.ninasenecic.com\/wp-content\/uploads\/2025\/10\/Foto-211-1468x2048.jpg 1468w, https:\/\/www.ninasenecic.com\/wp-content\/uploads\/2025\/10\/Foto-211-9x12.jpg 9w, https:\/\/www.ninasenecic.com\/wp-content\/uploads\/2025\/10\/Foto-211-scaled.jpg 1835w\" sizes=\"(max-width: 734px) 100vw, 734px\" \/>\t\t\t\t\t\t\t\t\t\t\t\t\t\t\t<\/div>\n\t\t\t\t<\/div>\n\t\t\t\t<\/div>\n\t\t<div class=\"elementor-element elementor-element-a255eb0 e-con-full e-flex wpr-particle-no wpr-jarallax-no wpr-parallax-no wpr-sticky-section-no e-con e-child\" data-id=\"a255eb0\" data-element_type=\"container\">\n\t\t\t\t<div class=\"elementor-element elementor-element-a00fd84 elementor-widget elementor-widget-heading\" data-id=\"a00fd84\" data-element_type=\"widget\" data-widget_type=\"heading.default\">\n\t\t\t\t<div class=\"elementor-widget-container\">\n\t\t\t\t\t<h2 class=\"elementor-heading-title elementor-size-default\">Nina Sene\u010di\u0107<\/h2>\t\t\t\t<\/div>\n\t\t\t\t<\/div>\n\t\t\t\t<div class=\"elementor-element elementor-element-f75d884 elementor-widget elementor-widget-heading\" data-id=\"f75d884\" data-element_type=\"widget\" data-widget_type=\"heading.default\">\n\t\t\t\t<div class=\"elementor-widget-container\">\n\t\t\t\t\t<h2 class=\"elementor-heading-title elementor-size-default\">EABP | ECP | CTP | ICMTA<\/h2>\t\t\t\t<\/div>\n\t\t\t\t<\/div>\n\t\t\t\t<div class=\"elementor-element elementor-element-a743559 elementor-widget elementor-widget-text-editor\" data-id=\"a743559\" data-element_type=\"widget\" data-widget_type=\"text-editor.default\">\n\t\t\t\t<div class=\"elementor-widget-container\">\n\t\t\t\t\t\t\t\t\t<p><strong>Edukatorica i supervizorica integrativne tjelesno orijentirane psihoterapije<\/strong><br \/><br \/>Dr\u017eim prostor u kojem tijelo, um i emocije mogu prona\u0107i zajedni\u010dki jezik \u2013 prostor u\u010denja, rasta i integracije.<\/p>\t\t\t\t\t\t\t\t<\/div>\n\t\t\t\t<\/div>\n\t\t\t\t<div class=\"elementor-element elementor-element-cb8e26f elementor-widget elementor-widget-button\" data-id=\"cb8e26f\" data-element_type=\"widget\" data-widget_type=\"button.default\">\n\t\t\t\t<div class=\"elementor-widget-container\">\n\t\t\t\t\t\t\t\t\t<div class=\"elementor-button-wrapper\">\n\t\t\t\t\t<a class=\"elementor-button elementor-button-link elementor-size-sm\" href=\"https:\/\/www.ninasenecic.com\/edukacije\/\">\n\t\t\t\t\t\t<span class=\"elementor-button-content-wrapper\">\n\t\t\t\t\t\t\t\t\t<span class=\"elementor-button-text\">Vi\u0161e o edukacijama<\/span>\n\t\t\t\t\t<\/span>\n\t\t\t\t\t<\/a>\n\t\t\t\t<\/div>\n\t\t\t\t\t\t\t\t<\/div>\n\t\t\t\t<\/div>\n\t\t\t\t<\/div>\n\t\t\t\t\t<\/div>\n\t\t\t\t<\/div>\n\t\t\t\t<\/div>\n\t\t<div class=\"elementor-element elementor-element-e597957 e-con-full e-flex wpr-particle-no wpr-jarallax-no wpr-parallax-no wpr-sticky-section-no e-con e-parent\" data-id=\"e597957\" data-element_type=\"container\">\n\t\t\t\t<div class=\"elementor-element elementor-element-19232ec elementor-widget elementor-widget-text-editor\" data-id=\"19232ec\" data-element_type=\"widget\" data-widget_type=\"text-editor.default\">\n\t\t\t\t<div class=\"elementor-widget-container\">\n\t\t\t\t\t\t\t\t\tProniknite u sebe i \u017eivite svoju<br> slobodu i autenti\u010dnost\t\t\t\t\t\t\t\t<\/div>\n\t\t\t\t<\/div>\n\t\t\t\t<div class=\"elementor-element elementor-element-5befec7 elementor-widget elementor-widget-image\" data-id=\"5befec7\" data-element_type=\"widget\" data-widget_type=\"image.default\">\n\t\t\t\t<div class=\"elementor-widget-container\">\n\t\t\t\t\t\t\t\t\t\t\t\t\t\t\t<img decoding=\"async\" width=\"1440\" height=\"145\" src=\"https:\/\/www.ninasenecic.com\/wp-content\/uploads\/2025\/10\/border-svg.svg\" class=\"attachment-large size-large wp-image-4076\" alt=\"\" \/>\t\t\t\t\t\t\t\t\t\t\t\t\t\t\t<\/div>\n\t\t\t\t<\/div>\n\t\t\t\t<\/div>\n\t\t<div class=\"elementor-element elementor-element-6b355e6 e-con-full frontpage-omeni e-flex wpr-particle-no wpr-jarallax-no wpr-parallax-no wpr-sticky-section-no e-con e-parent\" data-id=\"6b355e6\" data-element_type=\"container\" data-settings=\"{&quot;background_background&quot;:&quot;classic&quot;,&quot;shape_divider_bottom&quot;:&quot;waves&quot;,&quot;shape_divider_bottom_negative&quot;:&quot;yes&quot;}\">\n\t\t\t\t<div class=\"elementor-shape elementor-shape-bottom\" aria-hidden=\"true\" data-negative=\"true\">\n\t\t\t<svg xmlns=\"http:\/\/www.w3.org\/2000\/svg\" viewBox=\"0 0 1000 100\" preserveAspectRatio=\"none\">\n\t<path class=\"elementor-shape-fill\" d=\"M790.5,93.1c-59.3-5.3-116.8-18-192.6-50c-29.6-12.7-76.9-31-100.5-35.9c-23.6-4.9-52.6-7.8-75.5-5.3\n\tc-10.2,1.1-22.6,1.4-50.1,7.4c-27.2,6.3-58.2,16.6-79.4,24.7c-41.3,15.9-94.9,21.9-134,22.6C72,58.2,0,25.8,0,25.8V100h1000V65.3\n\tc0,0-51.5,19.4-106.2,25.7C839.5,97,814.1,95.2,790.5,93.1z\"\/>\n<\/svg>\t\t<\/div>\n\t\t<div class=\"elementor-element elementor-element-edd49fb e-flex e-con-boxed wpr-particle-no wpr-jarallax-no wpr-parallax-no wpr-sticky-section-no e-con e-child\" data-id=\"edd49fb\" data-element_type=\"container\">\n\t\t\t\t\t<div class=\"e-con-inner\">\n\t\t\t\t<div class=\"elementor-element elementor-element-e367221 elementor-widget elementor-widget-heading\" data-id=\"e367221\" data-element_type=\"widget\" data-widget_type=\"heading.default\">\n\t\t\t\t<div class=\"elementor-widget-container\">\n\t\t\t\t\t<h2 class=\"elementor-heading-title elementor-size-default\">O meni<\/h2>\t\t\t\t<\/div>\n\t\t\t\t<\/div>\n\t\t\t\t<div class=\"elementor-element elementor-element-7a3be1d elementor-widget__width-initial elementor-widget elementor-widget-text-editor\" data-id=\"7a3be1d\" data-element_type=\"widget\" data-widget_type=\"text-editor.default\">\n\t\t\t\t<div class=\"elementor-widget-container\">\n\t\t\t\t\t\t\t\t\t<p>Vi\u0161e od deset godina radim s ljudima kroz<strong> integrativnu tjelesno orijentiranu psihoterapiju<\/strong>, svjesni ples i pokret, transpersonalnu psihoterapiju i iskustvene metode.\u2028Danas sam primarno posve\u0107ena ulozi <strong>edukatorice i supervizorice<\/strong> u CIR INTP-u, gdje vodim edukacije, treninge i supervizijske programe za budu\u0107e terapeute i stru\u010dnjake iz srodnih podru\u010dja.<\/p><p>Moj rad temelji se na uvjerenju da <strong>tijelo nosi pri\u010du<\/strong>, a svjesni i sigurni procesi omogu\u0107uju integraciju, stabilnost i unutarnju proto\u010dnost.<\/p>\t\t\t\t\t\t\t\t<\/div>\n\t\t\t\t<\/div>\n\t\t\t\t<div class=\"elementor-element elementor-element-0557652 elementor-mobile-align-center elementor-widget-mobile__width-inherit elementor-widget elementor-widget-button\" data-id=\"0557652\" data-element_type=\"widget\" data-widget_type=\"button.default\">\n\t\t\t\t<div class=\"elementor-widget-container\">\n\t\t\t\t\t\t\t\t\t<div class=\"elementor-button-wrapper\">\n\t\t\t\t\t<a class=\"elementor-button elementor-button-link elementor-size-sm\" href=\"https:\/\/www.ninasenecic.com\/o-meni\/\">\n\t\t\t\t\t\t<span class=\"elementor-button-content-wrapper\">\n\t\t\t\t\t\t\t\t\t<span class=\"elementor-button-text\">Vi\u0161e o meni<\/span>\n\t\t\t\t\t<\/span>\n\t\t\t\t\t<\/a>\n\t\t\t\t<\/div>\n\t\t\t\t\t\t\t\t<\/div>\n\t\t\t\t<\/div>\n\t\t\t\t\t<\/div>\n\t\t\t\t<\/div>\n\t\t\t\t<\/div>\n\t\t<div class=\"elementor-element elementor-element-6dc9b38 e-flex e-con-boxed wpr-particle-no wpr-jarallax-no wpr-parallax-no wpr-sticky-section-no e-con e-parent\" data-id=\"6dc9b38\" data-element_type=\"container\">\n\t\t\t\t\t<div class=\"e-con-inner\">\n\t\t<div class=\"elementor-element elementor-element-6fd414d e-con-full e-flex wpr-particle-no wpr-jarallax-no wpr-parallax-no wpr-sticky-section-no e-con e-child\" data-id=\"6fd414d\" data-element_type=\"container\">\n\t\t\t\t<div class=\"elementor-element elementor-element-c12f84a elementor-widget elementor-widget-heading\" data-id=\"c12f84a\" data-element_type=\"widget\" data-widget_type=\"heading.default\">\n\t\t\t\t<div class=\"elementor-widget-container\">\n\t\t\t\t\t<h2 class=\"elementor-heading-title elementor-size-default\">Aktualne radionice i intenzivi<\/h2>\t\t\t\t<\/div>\n\t\t\t\t<\/div>\n\t\t\t\t<div class=\"elementor-element elementor-element-6222ad1 elementor-widget__width-initial elementor-widget elementor-widget-text-editor\" data-id=\"6222ad1\" data-element_type=\"widget\" data-widget_type=\"text-editor.default\">\n\t\t\t\t<div class=\"elementor-widget-container\">\n\t\t\t\t\t\t\t\t\tKroz vi\u0161ednevne intenzive i tematske radionice stvaram prostore u\u010denja, istra\u017eivanja i iscjeljenja.<br>\u2028Radionice kombiniraju <strong>iskustvene tjelesne prakse, svjesni pokret, psihoterapijske tehnike i siguran grupni proces.<\/strong>\t\t\t\t\t\t\t\t<\/div>\n\t\t\t\t<\/div>\n\t\t\t\t<div class=\"elementor-element elementor-element-761b920 elementor-widget elementor-widget-button\" data-id=\"761b920\" data-element_type=\"widget\" data-widget_type=\"button.default\">\n\t\t\t\t<div class=\"elementor-widget-container\">\n\t\t\t\t\t\t\t\t\t<div class=\"elementor-button-wrapper\">\n\t\t\t\t\t<a class=\"elementor-button elementor-button-link elementor-size-sm\" href=\"https:\/\/www.ninasenecic.com\/radionice\/\">\n\t\t\t\t\t\t<span class=\"elementor-button-content-wrapper\">\n\t\t\t\t\t\t\t\t\t<span class=\"elementor-button-text\">Sve radionice<\/span>\n\t\t\t\t\t<\/span>\n\t\t\t\t\t<\/a>\n\t\t\t\t<\/div>\n\t\t\t\t\t\t\t\t<\/div>\n\t\t\t\t<\/div>\n\t\t<div class=\"elementor-element elementor-element-fd404e5 e-grid e-con-full wpr-particle-no wpr-jarallax-no wpr-parallax-no wpr-sticky-section-no e-con e-child\" data-id=\"fd404e5\" data-element_type=\"container\">\n\t\t<div class=\"elementor-element elementor-element-95e26e7 e-con-full e-flex wpr-particle-no wpr-jarallax-no wpr-parallax-no wpr-sticky-section-no e-con e-child\" data-id=\"95e26e7\" data-element_type=\"container\" data-settings=\"{&quot;background_background&quot;:&quot;classic&quot;}\">\n\t\t\t\t<div class=\"elementor-element elementor-element-1bc9154 elementor-widget elementor-widget-image\" data-id=\"1bc9154\" data-element_type=\"widget\" data-widget_type=\"image.default\">\n\t\t\t\t<div class=\"elementor-widget-container\">\n\t\t\t\t\t\t\t\t\t\t\t\t\t\t\t<img decoding=\"async\" width=\"819\" height=\"1024\" src=\"https:\/\/www.ninasenecic.com\/wp-content\/uploads\/2026\/01\/16.1._Darovi-ranjivosti-\u2013-Tijelo-koje-se-usudi-biti-otvoreno_objava-819x1024.jpg\" class=\"attachment-large size-large wp-image-5121\" alt=\"\" srcset=\"https:\/\/www.ninasenecic.com\/wp-content\/uploads\/2026\/01\/16.1._Darovi-ranjivosti-\u2013-Tijelo-koje-se-usudi-biti-otvoreno_objava-819x1024.jpg 819w, https:\/\/www.ninasenecic.com\/wp-content\/uploads\/2026\/01\/16.1._Darovi-ranjivosti-\u2013-Tijelo-koje-se-usudi-biti-otvoreno_objava-240x300.jpg 240w, https:\/\/www.ninasenecic.com\/wp-content\/uploads\/2026\/01\/16.1._Darovi-ranjivosti-\u2013-Tijelo-koje-se-usudi-biti-otvoreno_objava-768x960.jpg 768w, https:\/\/www.ninasenecic.com\/wp-content\/uploads\/2026\/01\/16.1._Darovi-ranjivosti-\u2013-Tijelo-koje-se-usudi-biti-otvoreno_objava-1229x1536.jpg 1229w, https:\/\/www.ninasenecic.com\/wp-content\/uploads\/2026\/01\/16.1._Darovi-ranjivosti-\u2013-Tijelo-koje-se-usudi-biti-otvoreno_objava-10x12.jpg 10w, https:\/\/www.ninasenecic.com\/wp-content\/uploads\/2026\/01\/16.1._Darovi-ranjivosti-\u2013-Tijelo-koje-se-usudi-biti-otvoreno_objava.jpg 1600w\" sizes=\"(max-width: 819px) 100vw, 819px\" \/>\t\t\t\t\t\t\t\t\t\t\t\t\t\t\t<\/div>\n\t\t\t\t<\/div>\n\t\t\t\t<div class=\"elementor-element elementor-element-2a1c890 elementor-mobile-align-center elementor-align-center elementor-widget elementor-widget-button\" data-id=\"2a1c890\" data-element_type=\"widget\" data-widget_type=\"button.default\">\n\t\t\t\t<div class=\"elementor-widget-container\">\n\t\t\t\t\t\t\t\t\t<div class=\"elementor-button-wrapper\">\n\t\t\t\t\t<a class=\"elementor-button elementor-button-link elementor-size-sm\" href=\"https:\/\/www.ninasenecic.com\/hr\/darovi-ranjivosti-tijelo-koje-se-usudi-biti-otvoreno\/\">\n\t\t\t\t\t\t<span class=\"elementor-button-content-wrapper\">\n\t\t\t\t\t\t\t\t\t<span class=\"elementor-button-text\">PRO\u010cITAJ VI\u0160E<\/span>\n\t\t\t\t\t<\/span>\n\t\t\t\t\t<\/a>\n\t\t\t\t<\/div>\n\t\t\t\t\t\t\t\t<\/div>\n\t\t\t\t<\/div>\n\t\t\t\t<\/div>\n\t\t<div class=\"elementor-element elementor-element-663af7e e-con-full e-flex wpr-particle-no wpr-jarallax-no wpr-parallax-no wpr-sticky-section-no e-con e-child\" data-id=\"663af7e\" data-element_type=\"container\" data-settings=\"{&quot;background_background&quot;:&quot;classic&quot;}\">\n\t\t\t\t<div class=\"elementor-element elementor-element-6181e81 elementor-widget elementor-widget-image\" data-id=\"6181e81\" data-element_type=\"widget\" data-widget_type=\"image.default\">\n\t\t\t\t<div class=\"elementor-widget-container\">\n\t\t\t\t\t\t\t\t\t\t\t\t\t\t\t<img loading=\"lazy\" decoding=\"async\" width=\"819\" height=\"1024\" src=\"https:\/\/www.ninasenecic.com\/wp-content\/uploads\/2025\/10\/11.7._SAVE-THE-DATE-SVJESNO-TIJELO-\u2013-ciklus-radionica_HR-1-819x1024.jpg\" class=\"attachment-large size-large wp-image-4470\" alt=\"\" srcset=\"https:\/\/www.ninasenecic.com\/wp-content\/uploads\/2025\/10\/11.7._SAVE-THE-DATE-SVJESNO-TIJELO-\u2013-ciklus-radionica_HR-1-819x1024.jpg 819w, https:\/\/www.ninasenecic.com\/wp-content\/uploads\/2025\/10\/11.7._SAVE-THE-DATE-SVJESNO-TIJELO-\u2013-ciklus-radionica_HR-1-240x300.jpg 240w, https:\/\/www.ninasenecic.com\/wp-content\/uploads\/2025\/10\/11.7._SAVE-THE-DATE-SVJESNO-TIJELO-\u2013-ciklus-radionica_HR-1-768x960.jpg 768w, https:\/\/www.ninasenecic.com\/wp-content\/uploads\/2025\/10\/11.7._SAVE-THE-DATE-SVJESNO-TIJELO-\u2013-ciklus-radionica_HR-1-1229x1536.jpg 1229w, https:\/\/www.ninasenecic.com\/wp-content\/uploads\/2025\/10\/11.7._SAVE-THE-DATE-SVJESNO-TIJELO-\u2013-ciklus-radionica_HR-1-10x12.jpg 10w, https:\/\/www.ninasenecic.com\/wp-content\/uploads\/2025\/10\/11.7._SAVE-THE-DATE-SVJESNO-TIJELO-\u2013-ciklus-radionica_HR-1.jpg 1600w\" sizes=\"(max-width: 819px) 100vw, 819px\" \/>\t\t\t\t\t\t\t\t\t\t\t\t\t\t\t<\/div>\n\t\t\t\t<\/div>\n\t\t\t\t<div class=\"elementor-element elementor-element-3f2a451 elementor-mobile-align-center elementor-align-center elementor-widget elementor-widget-button\" data-id=\"3f2a451\" data-element_type=\"widget\" data-widget_type=\"button.default\">\n\t\t\t\t<div class=\"elementor-widget-container\">\n\t\t\t\t\t\t\t\t\t<div class=\"elementor-button-wrapper\">\n\t\t\t\t\t<a class=\"elementor-button elementor-button-link elementor-size-sm\" href=\"https:\/\/www.ninasenecic.com\/hr\/svjesno-tijelo-od-napetosti-do-lakoce2\/\">\n\t\t\t\t\t\t<span class=\"elementor-button-content-wrapper\">\n\t\t\t\t\t\t\t\t\t<span class=\"elementor-button-text\">PRO\u010cITAJ VI\u0160E<\/span>\n\t\t\t\t\t<\/span>\n\t\t\t\t\t<\/a>\n\t\t\t\t<\/div>\n\t\t\t\t\t\t\t\t<\/div>\n\t\t\t\t<\/div>\n\t\t\t\t<\/div>\n\t\t<div class=\"elementor-element elementor-element-cdd51d0 e-con-full fronntpage-outdatednews e-flex wpr-particle-no wpr-jarallax-no wpr-parallax-no wpr-sticky-section-no e-con e-child\" data-id=\"cdd51d0\" data-element_type=\"container\" data-settings=\"{&quot;background_background&quot;:&quot;classic&quot;}\">\n\t\t\t\t<div class=\"elementor-element elementor-element-bfd361b elementor-widget elementor-widget-image\" data-id=\"bfd361b\" data-element_type=\"widget\" data-widget_type=\"image.default\">\n\t\t\t\t<div class=\"elementor-widget-container\">\n\t\t\t\t\t\t\t\t\t\t\t\t\t\t\t<img loading=\"lazy\" decoding=\"async\" width=\"819\" height=\"1024\" src=\"https:\/\/www.ninasenecic.com\/wp-content\/uploads\/2025\/11\/14.8.SVJESNO-TIJELO-Rad-s-unutarnjim-saboterom-819x1024.jpg\" class=\"attachment-large size-large wp-image-4668\" alt=\"\" srcset=\"https:\/\/www.ninasenecic.com\/wp-content\/uploads\/2025\/11\/14.8.SVJESNO-TIJELO-Rad-s-unutarnjim-saboterom-819x1024.jpg 819w, https:\/\/www.ninasenecic.com\/wp-content\/uploads\/2025\/11\/14.8.SVJESNO-TIJELO-Rad-s-unutarnjim-saboterom-240x300.jpg 240w, https:\/\/www.ninasenecic.com\/wp-content\/uploads\/2025\/11\/14.8.SVJESNO-TIJELO-Rad-s-unutarnjim-saboterom-768x960.jpg 768w, https:\/\/www.ninasenecic.com\/wp-content\/uploads\/2025\/11\/14.8.SVJESNO-TIJELO-Rad-s-unutarnjim-saboterom-1229x1536.jpg 1229w, https:\/\/www.ninasenecic.com\/wp-content\/uploads\/2025\/11\/14.8.SVJESNO-TIJELO-Rad-s-unutarnjim-saboterom-10x12.jpg 10w, https:\/\/www.ninasenecic.com\/wp-content\/uploads\/2025\/11\/14.8.SVJESNO-TIJELO-Rad-s-unutarnjim-saboterom.jpg 1600w\" sizes=\"(max-width: 819px) 100vw, 819px\" \/>\t\t\t\t\t\t\t\t\t\t\t\t\t\t\t<\/div>\n\t\t\t\t<\/div>\n\t\t\t\t<div class=\"elementor-element elementor-element-71e96d0 elementor-mobile-align-center elementor-align-center elementor-widget elementor-widget-button\" data-id=\"71e96d0\" data-element_type=\"widget\" data-widget_type=\"button.default\">\n\t\t\t\t<div class=\"elementor-widget-container\">\n\t\t\t\t\t\t\t\t\t<div class=\"elementor-button-wrapper\">\n\t\t\t\t\t<a class=\"elementor-button elementor-button-link elementor-size-sm\" href=\"https:\/\/www.cir-intp.com\/zavestno-telo-ljubljana-2025\/\" target=\"_blank\" rel=\"noopener\">\n\t\t\t\t\t\t<span class=\"elementor-button-content-wrapper\">\n\t\t\t\t\t\t\t\t\t<span class=\"elementor-button-text\">PRO\u010cITAJ VI\u0160E<\/span>\n\t\t\t\t\t<\/span>\n\t\t\t\t\t<\/a>\n\t\t\t\t<\/div>\n\t\t\t\t\t\t\t\t<\/div>\n\t\t\t\t<\/div>\n\t\t\t\t<\/div>\n\t\t\t\t<\/div>\n\t\t\t\t<\/div>\n\t\t\t\t\t<\/div>\n\t\t\t\t<\/div>\n\t\t<div class=\"elementor-element elementor-element-1652797 e-grid e-con-boxed wpr-particle-no wpr-jarallax-no wpr-parallax-no wpr-sticky-section-no e-con e-parent\" data-id=\"1652797\" data-element_type=\"container\" data-settings=\"{&quot;background_background&quot;:&quot;classic&quot;}\">\n\t\t\t\t\t<div class=\"e-con-inner\">\n\t\t<div class=\"elementor-element elementor-element-9469c8d e-con-full e-flex wpr-particle-no wpr-jarallax-no wpr-parallax-no wpr-sticky-section-no e-con e-child\" data-id=\"9469c8d\" data-element_type=\"container\">\n\t\t\t\t<div class=\"elementor-element elementor-element-7b31f3c elementor-widget elementor-widget-heading\" data-id=\"7b31f3c\" data-element_type=\"widget\" data-widget_type=\"heading.default\">\n\t\t\t\t<div class=\"elementor-widget-container\">\n\t\t\t\t\t<h2 class=\"elementor-heading-title elementor-size-default\">Usluge<\/h2>\t\t\t\t<\/div>\n\t\t\t\t<\/div>\n\t\t\t\t<div class=\"elementor-element elementor-element-553a566 elementor-widget elementor-widget-text-editor\" data-id=\"553a566\" data-element_type=\"widget\" data-widget_type=\"text-editor.default\">\n\t\t\t\t<div class=\"elementor-widget-container\">\n\t\t\t\t\t\t\t\t\t<p>Pru\u017ea podr\u0161ku kroz individualnu psihoterapiju, coaching, radionice i edukacije usmjerene na osobni rast i dublje razumijevanje sebe. <br \/><br \/>Pristup povezuje tijelo, emocije i um, poma\u017eu\u0107i klijentima da prepoznaju i otpuste obrasce koji ih sputavaju te razviju autenti\u010dan, uravnote\u017eeniji na\u010din \u017eivljenja.<\/p>\t\t\t\t\t\t\t\t<\/div>\n\t\t\t\t<\/div>\n\t\t\t\t<div class=\"elementor-element elementor-element-3c7bc3b elementor-mobile-align-center elementor-widget elementor-widget-button\" data-id=\"3c7bc3b\" data-element_type=\"widget\" data-widget_type=\"button.default\">\n\t\t\t\t<div class=\"elementor-widget-container\">\n\t\t\t\t\t\t\t\t\t<div class=\"elementor-button-wrapper\">\n\t\t\t\t\t<a class=\"elementor-button elementor-button-link elementor-size-sm\" href=\"https:\/\/www.ninasenecic.com\/usluge\/\">\n\t\t\t\t\t\t<span class=\"elementor-button-content-wrapper\">\n\t\t\t\t\t\t\t\t\t<span class=\"elementor-button-text\">Vi\u0161e o uslugama<\/span>\n\t\t\t\t\t<\/span>\n\t\t\t\t\t<\/a>\n\t\t\t\t<\/div>\n\t\t\t\t\t\t\t\t<\/div>\n\t\t\t\t<\/div>\n\t\t\t\t<\/div>\n\t\t<div class=\"elementor-element elementor-element-6729474 e-con-full e-flex wpr-particle-no wpr-jarallax-no wpr-parallax-no wpr-sticky-section-no e-con e-child\" data-id=\"6729474\" data-element_type=\"container\">\n\t\t\t\t<div class=\"elementor-element elementor-element-4de84b6 elementor-widget elementor-widget-heading\" data-id=\"4de84b6\" data-element_type=\"widget\" data-widget_type=\"heading.default\">\n\t\t\t\t<div class=\"elementor-widget-container\">\n\t\t\t\t\t<h2 class=\"elementor-heading-title elementor-size-default\">Metode<\/h2>\t\t\t\t<\/div>\n\t\t\t\t<\/div>\n\t\t\t\t<div class=\"elementor-element elementor-element-7ac3589 elementor-widget elementor-widget-text-editor\" data-id=\"7ac3589\" data-element_type=\"widget\" data-widget_type=\"text-editor.default\">\n\t\t\t\t<div class=\"elementor-widget-container\">\n\t\t\t\t\t\t\t\t\t<p>U svom radu koristim integrativne i iskustvene metode koje povezuju tijelo, emocije i svijest.<\/p><p>Kombiniram pristupe tjelesno orijentirane psihoterapije, coachinga i svjesnog pokreta, stvaraju\u0107i siguran prostor za dublje razumijevanje, regulaciju i autenti\u010dnu\u00a0promjenu.<\/p>\t\t\t\t\t\t\t\t<\/div>\n\t\t\t\t<\/div>\n\t\t\t\t<div class=\"elementor-element elementor-element-7df6a2f elementor-mobile-align-center elementor-widget elementor-widget-button\" data-id=\"7df6a2f\" data-element_type=\"widget\" data-widget_type=\"button.default\">\n\t\t\t\t<div class=\"elementor-widget-container\">\n\t\t\t\t\t\t\t\t\t<div class=\"elementor-button-wrapper\">\n\t\t\t\t\t<a class=\"elementor-button elementor-button-link elementor-size-sm\" href=\"https:\/\/www.ninasenecic.com\/metode\/\">\n\t\t\t\t\t\t<span class=\"elementor-button-content-wrapper\">\n\t\t\t\t\t\t\t\t\t<span class=\"elementor-button-text\">Vi\u0161e o metodama<\/span>\n\t\t\t\t\t<\/span>\n\t\t\t\t\t<\/a>\n\t\t\t\t<\/div>\n\t\t\t\t\t\t\t\t<\/div>\n\t\t\t\t<\/div>\n\t\t\t\t<\/div>\n\t\t\t\t\t<\/div>\n\t\t\t\t<\/div>\n\t\t\t\t<\/div>\n\t\t","protected":false},"excerpt":{"rendered":"<p>Nina Sene\u010di\u0107 EABP | ECP | CTP | ICMTA Edukatorica i supervizorica integrativne tjelesno orijentirane psihoterapije Dr\u017eim prostor u kojem tijelo, um i emocije mogu prona\u0107i zajedni\u010dki jezik \u2013 prostor u\u010denja, rasta i integracije. Vi\u0161e o edukacijama Proniknite u sebe i \u017eivite svoju slobodu i autenti\u010dnost O meni Vi\u0161e od deset godina radim s ljudima kroz integrativnu tjelesno orijentiranu psihoterapiju, svjesni ples i pokret, transpersonalnu psihoterapiju i iskustvene metode.\u2028Danas sam primarno posve\u0107ena ulozi edukatorice i supervizorice u CIR INTP-u, gdje vodim edukacije, treninge i supervizijske programe za budu\u0107e terapeute i stru\u010dnjake iz srodnih podru\u010dja. Moj rad temelji se na uvjerenju da tijelo nosi pri\u010du, a svjesni i sigurni procesi omogu\u0107uju integraciju, stabilnost i unutarnju proto\u010dnost. Vi\u0161e o meni Aktualne radionice i intenzivi Kroz vi\u0161ednevne intenzive i tematske radionice stvaram prostore u\u010denja, istra\u017eivanja i iscjeljenja.\u2028Radionice kombiniraju iskustvene tjelesne prakse, svjesni pokret, psihoterapijske tehnike i siguran grupni proces. Sve radionice PRO\u010cITAJ VI\u0160E PRO\u010cITAJ VI\u0160E PRO\u010cITAJ VI\u0160E Usluge Pru\u017ea podr\u0161ku kroz individualnu psihoterapiju, coaching, radionice i edukacije usmjerene na osobni rast i dublje razumijevanje sebe. Pristup povezuje tijelo, emocije i um, poma\u017eu\u0107i klijentima da prepoznaju i otpuste obrasce koji ih sputavaju te razviju autenti\u010dan, uravnote\u017eeniji na\u010din \u017eivljenja. Vi\u0161e o uslugama Metode U svom radu koristim integrativne i iskustvene metode koje povezuju tijelo, emocije i svijest. Kombiniram pristupe tjelesno orijentirane psihoterapije, coachinga i svjesnog pokreta, stvaraju\u0107i siguran prostor za dublje razumijevanje, regulaciju i autenti\u010dnu\u00a0promjenu. Vi\u0161e o metodama<\/p>\n","protected":false},"author":3,"featured_media":0,"parent":0,"menu_order":0,"comment_status":"closed","ping_status":"closed","template":"elementor_header_footer","meta":{"_acf_changed":false,"footnotes":""},"class_list":["post-4058","page","type-page","status-publish","hentry"],"blocksy_meta":[],"acf":[],"_links":{"self":[{"href":"https:\/\/www.ninasenecic.com\/hr\/wp-json\/wp\/v2\/pages\/4058"}],"collection":[{"href":"https:\/\/www.ninasenecic.com\/hr\/wp-json\/wp\/v2\/pages"}],"about":[{"href":"https:\/\/www.ninasenecic.com\/hr\/wp-json\/wp\/v2\/types\/page"}],"author":[{"embeddable":true,"href":"https:\/\/www.ninasenecic.com\/hr\/wp-json\/wp\/v2\/users\/3"}],"replies":[{"embeddable":true,"href":"https:\/\/www.ninasenecic.com\/hr\/wp-json\/wp\/v2\/comments?post=4058"}],"version-history":[{"count":161,"href":"https:\/\/www.ninasenecic.com\/hr\/wp-json\/wp\/v2\/pages\/4058\/revisions"}],"predecessor-version":[{"id":5128,"href":"https:\/\/www.ninasenecic.com\/hr\/wp-json\/wp\/v2\/pages\/4058\/revisions\/5128"}],"wp:attachment":[{"href":"https:\/\/www.ninasenecic.com\/hr\/wp-json\/wp\/v2\/media?parent=4058"}],"curies":[{"name":"wp","href":"https:\/\/api.w.org\/{rel}","templated":true}]}}