{"id":4398,"date":"2025-10-20T19:02:03","date_gmt":"2025-10-20T18:02:03","guid":{"rendered":"https:\/\/www.ninasenecic.com\/?page_id=4398"},"modified":"2025-11-24T20:31:05","modified_gmt":"2025-11-24T19:31:05","slug":"edukacije","status":"publish","type":"page","link":"https:\/\/www.ninasenecic.com\/en\/edukacije\/","title":{"rendered":"Educations"},"content":{"rendered":"<div data-elementor-type=\"wp-page\" data-elementor-id=\"4398\" class=\"elementor elementor-4398\">\n\t\t\t\t<div class=\"elementor-element elementor-element-6cd8d17e e-flex e-con-boxed wpr-particle-no wpr-jarallax-no wpr-parallax-no wpr-sticky-section-no e-con e-parent\" data-id=\"6cd8d17e\" data-element_type=\"container\">\n\t\t\t\t\t<div class=\"e-con-inner\">\n\t\t\t\t<div class=\"elementor-element elementor-element-c53e0c7 elementor-widget elementor-widget-heading\" data-id=\"c53e0c7\" data-element_type=\"widget\" data-widget_type=\"heading.default\">\n\t\t\t\t<div class=\"elementor-widget-container\">\n\t\t\t\t\t<h2 class=\"elementor-heading-title elementor-size-default\">Educations<\/h2>\t\t\t\t<\/div>\n\t\t\t\t<\/div>\n\t\t\t\t<div class=\"elementor-element elementor-element-98f23f0 elementor-widget elementor-widget-text-editor\" data-id=\"98f23f0\" data-element_type=\"widget\" data-widget_type=\"text-editor.default\">\n\t\t\t\t<div class=\"elementor-widget-container\">\n\t\t\t\t\t\t\t\t\t<p>Educational programs for personal and professional development<\/p>\t\t\t\t\t\t\t\t<\/div>\n\t\t\t\t<\/div>\n\t\t\t\t\t<\/div>\n\t\t\t\t<\/div>\n\t\t<div class=\"elementor-element elementor-element-731b112 e-flex e-con-boxed wpr-particle-no wpr-jarallax-no wpr-parallax-no wpr-sticky-section-no e-con e-parent\" data-id=\"731b112\" data-element_type=\"container\">\n\t\t\t\t\t<div class=\"e-con-inner\">\n\t\t\t\t<div class=\"elementor-element elementor-element-fd56a82 elementor-widget elementor-widget-image\" data-id=\"fd56a82\" data-element_type=\"widget\" data-widget_type=\"image.default\">\n\t\t\t\t<div class=\"elementor-widget-container\">\n\t\t\t\t\t\t\t\t\t\t\t\t\t\t\t<img fetchpriority=\"high\" decoding=\"async\" width=\"1024\" height=\"374\" src=\"https:\/\/www.ninasenecic.com\/wp-content\/uploads\/2025\/11\/krila_DSC09887-copy-1024x374.jpg\" class=\"attachment-large size-large wp-image-4614\" alt=\"\" srcset=\"https:\/\/www.ninasenecic.com\/wp-content\/uploads\/2025\/11\/krila_DSC09887-copy-1024x374.jpg 1024w, https:\/\/www.ninasenecic.com\/wp-content\/uploads\/2025\/11\/krila_DSC09887-copy-300x110.jpg 300w, https:\/\/www.ninasenecic.com\/wp-content\/uploads\/2025\/11\/krila_DSC09887-copy-768x280.jpg 768w, https:\/\/www.ninasenecic.com\/wp-content\/uploads\/2025\/11\/krila_DSC09887-copy-1536x561.jpg 1536w, https:\/\/www.ninasenecic.com\/wp-content\/uploads\/2025\/11\/krila_DSC09887-copy-18x7.jpg 18w, https:\/\/www.ninasenecic.com\/wp-content\/uploads\/2025\/11\/krila_DSC09887-copy.jpg 2000w\" sizes=\"(max-width: 1024px) 100vw, 1024px\" \/>\t\t\t\t\t\t\t\t\t\t\t\t\t\t\t<\/div>\n\t\t\t\t<\/div>\n\t\t\t\t<div class=\"elementor-element elementor-element-3fca58a elementor-widget elementor-widget-text-editor\" data-id=\"3fca58a\" data-element_type=\"widget\" data-widget_type=\"text-editor.default\">\n\t\t\t\t<div class=\"elementor-widget-container\">\n\t\t\t\t\t\t\t\t\t<p>If you feel called to deeper personal growth or want to begin professional training in integrative body-oriented psychotherapy, our educational programs provide a safe and structured framework for learning, exploration, and transformation.<br \/>Our approach combines experiential methods, multidisciplinary theory, and professional guidance, allowing you to:<\/p><ul role=\"list\"><li>explore the deeper layers of your body, mind, and emotions,<\/li><li>develop inner resources and capacity for regulation,<\/li><li>gain knowledge and skills that support personal and professional growth.<\/li><\/ul>\t\t\t\t\t\t\t\t<\/div>\n\t\t\t\t<\/div>\n\t\t<div class=\"elementor-element elementor-element-0c912cb e-con-full e-flex wpr-particle-no wpr-jarallax-no wpr-parallax-no wpr-sticky-section-no e-con e-child\" data-id=\"0c912cb\" data-element_type=\"container\">\n\t\t\t\t<div class=\"elementor-element elementor-element-1b4482f elementor-mobile-align-center elementor-widget elementor-widget-button\" data-id=\"1b4482f\" data-element_type=\"widget\" data-widget_type=\"button.default\">\n\t\t\t\t<div class=\"elementor-widget-container\">\n\t\t\t\t\t\t\t\t\t<div class=\"elementor-button-wrapper\">\n\t\t\t\t\t<a class=\"elementor-button elementor-button-link elementor-size-sm\" href=\"https:\/\/www.cir-intp.com\/\" target=\"_blank\" rel=\"noopener\">\n\t\t\t\t\t\t<span class=\"elementor-button-content-wrapper\">\n\t\t\t\t\t\t\t\t\t<span class=\"elementor-button-text\">Visit Cir INTP web<\/span>\n\t\t\t\t\t<\/span>\n\t\t\t\t\t<\/a>\n\t\t\t\t<\/div>\n\t\t\t\t\t\t\t\t<\/div>\n\t\t\t\t<\/div>\n\t\t\t\t<div class=\"elementor-element elementor-element-6b03930 elementor-mobile-align-center elementor-widget elementor-widget-button\" data-id=\"6b03930\" data-element_type=\"widget\" data-widget_type=\"button.default\">\n\t\t\t\t<div class=\"elementor-widget-container\">\n\t\t\t\t\t\t\t\t\t<div class=\"elementor-button-wrapper\">\n\t\t\t\t\t<a class=\"elementor-button elementor-button-link elementor-size-sm\" href=\"#kontakt\">\n\t\t\t\t\t\t<span class=\"elementor-button-content-wrapper\">\n\t\t\t\t\t\t\t\t\t<span class=\"elementor-button-text\">Submit an inquiry<\/span>\n\t\t\t\t\t<\/span>\n\t\t\t\t\t<\/a>\n\t\t\t\t<\/div>\n\t\t\t\t\t\t\t\t<\/div>\n\t\t\t\t<\/div>\n\t\t\t\t<\/div>\n\t\t\t\t\t<\/div>\n\t\t\t\t<\/div>\n\t\t<div class=\"elementor-element elementor-element-0795d7f e-flex e-con-boxed wpr-particle-no wpr-jarallax-no wpr-parallax-no wpr-sticky-section-no e-con e-parent\" data-id=\"0795d7f\" data-element_type=\"container\">\n\t\t\t\t\t<div class=\"e-con-inner\">\n\t\t\t\t<div class=\"elementor-element elementor-element-e3fd81e elementor-widget elementor-widget-heading\" data-id=\"e3fd81e\" data-element_type=\"widget\" data-widget_type=\"heading.default\">\n\t\t\t\t<div class=\"elementor-widget-container\">\n\t\t\t\t\t<h2 class=\"elementor-heading-title elementor-size-default\">Our programs<\/h2>\t\t\t\t<\/div>\n\t\t\t\t<\/div>\n\t\t<div class=\"elementor-element elementor-element-0410670 e-grid e-con-full wpr-particle-no wpr-jarallax-no wpr-parallax-no wpr-sticky-section-no e-con e-child\" data-id=\"0410670\" data-element_type=\"container\">\n\t\t<div class=\"elementor-element elementor-element-800e052 e-grid e-con-full wpr-particle-no wpr-jarallax-no wpr-parallax-no wpr-sticky-section-no e-con e-child\" data-id=\"800e052\" data-element_type=\"container\" data-settings=\"{&quot;background_background&quot;:&quot;classic&quot;}\">\n\t\t\t\t<div class=\"elementor-element elementor-element-f7edecd elementor-widget elementor-widget-image\" data-id=\"f7edecd\" data-element_type=\"widget\" data-widget_type=\"image.default\">\n\t\t\t\t<div class=\"elementor-widget-container\">\n\t\t\t\t\t\t\t\t\t\t\t\t\t\t\t<img decoding=\"async\" width=\"1024\" height=\"856\" src=\"https:\/\/www.ninasenecic.com\/wp-content\/uploads\/2025\/11\/Image_009-1024x856.jpg\" class=\"attachment-large size-large wp-image-4779\" alt=\"\" srcset=\"https:\/\/www.ninasenecic.com\/wp-content\/uploads\/2025\/11\/Image_009-1024x856.jpg 1024w, https:\/\/www.ninasenecic.com\/wp-content\/uploads\/2025\/11\/Image_009-300x251.jpg 300w, https:\/\/www.ninasenecic.com\/wp-content\/uploads\/2025\/11\/Image_009-768x642.jpg 768w, https:\/\/www.ninasenecic.com\/wp-content\/uploads\/2025\/11\/Image_009-1536x1284.jpg 1536w, https:\/\/www.ninasenecic.com\/wp-content\/uploads\/2025\/11\/Image_009-2048x1713.jpg 2048w, https:\/\/www.ninasenecic.com\/wp-content\/uploads\/2025\/11\/Image_009-14x12.jpg 14w\" sizes=\"(max-width: 1024px) 100vw, 1024px\" \/>\t\t\t\t\t\t\t\t\t\t\t\t\t\t\t<\/div>\n\t\t\t\t<\/div>\n\t\t<div class=\"elementor-element elementor-element-d6233d3 e-con-full e-flex wpr-particle-no wpr-jarallax-no wpr-parallax-no wpr-sticky-section-no e-con e-child\" data-id=\"d6233d3\" data-element_type=\"container\">\n\t\t\t\t<div class=\"elementor-element elementor-element-53473ab elementor-widget elementor-widget-heading\" data-id=\"53473ab\" data-element_type=\"widget\" data-widget_type=\"heading.default\">\n\t\t\t\t<div class=\"elementor-widget-container\">\n\t\t\t\t\t<h2 class=\"elementor-heading-title elementor-size-default\">Two-year program \u2013 Personal development<\/h2>\t\t\t\t<\/div>\n\t\t\t\t<\/div>\n\t\t\t\t<div class=\"elementor-element elementor-element-aac6bf1 elementor-widget elementor-widget-text-editor\" data-id=\"aac6bf1\" data-element_type=\"widget\" data-widget_type=\"text-editor.default\">\n\t\t\t\t<div class=\"elementor-widget-container\">\n\t\t\t\t\t\t\t\t\t<p>A program for those who want to gain a deeper understanding of themselves and their relationships, and develop <strong>inner stability, authenticity, and flow.<\/strong> Participants gain through experiential work <strong>security, emotional understanding, and tools for grounding and creativity<\/strong> in everyday life.<\/p>\t\t\t\t\t\t\t\t<\/div>\n\t\t\t\t<\/div>\n\t\t\t\t<div class=\"elementor-element elementor-element-3eacc2e elementor-mobile-align-center elementor-widget elementor-widget-button\" data-id=\"3eacc2e\" data-element_type=\"widget\" data-widget_type=\"button.default\">\n\t\t\t\t<div class=\"elementor-widget-container\">\n\t\t\t\t\t\t\t\t\t<div class=\"elementor-button-wrapper\">\n\t\t\t\t\t<a class=\"elementor-button elementor-button-link elementor-size-sm\" href=\"https:\/\/www.cir-intp.com\/osobni-razvoj\/\" target=\"_blank\" rel=\"noopener\">\n\t\t\t\t\t\t<span class=\"elementor-button-content-wrapper\">\n\t\t\t\t\t\t\t\t\t<span class=\"elementor-button-text\">View the program<\/span>\n\t\t\t\t\t<\/span>\n\t\t\t\t\t<\/a>\n\t\t\t\t<\/div>\n\t\t\t\t\t\t\t\t<\/div>\n\t\t\t\t<\/div>\n\t\t\t\t<\/div>\n\t\t\t\t<\/div>\n\t\t<div class=\"elementor-element elementor-element-b96d6f5 e-grid e-con-full wpr-particle-no wpr-jarallax-no wpr-parallax-no wpr-sticky-section-no e-con e-child\" data-id=\"b96d6f5\" data-element_type=\"container\" data-settings=\"{&quot;background_background&quot;:&quot;classic&quot;}\">\n\t\t<div class=\"elementor-element elementor-element-9cd77bd e-con-full e-flex wpr-particle-no wpr-jarallax-no wpr-parallax-no wpr-sticky-section-no e-con e-child\" data-id=\"9cd77bd\" data-element_type=\"container\">\n\t\t\t\t<div class=\"elementor-element elementor-element-bf4882b elementor-widget elementor-widget-heading\" data-id=\"bf4882b\" data-element_type=\"widget\" data-widget_type=\"heading.default\">\n\t\t\t\t<div class=\"elementor-widget-container\">\n\t\t\t\t\t<h2 class=\"elementor-heading-title elementor-size-default\">Five-year program \u2013 Professional training<\/h2>\t\t\t\t<\/div>\n\t\t\t\t<\/div>\n\t\t\t\t<div class=\"elementor-element elementor-element-3773070 elementor-widget elementor-widget-text-editor\" data-id=\"3773070\" data-element_type=\"widget\" data-widget_type=\"text-editor.default\">\n\t\t\t\t<div class=\"elementor-widget-container\">\n\t\t\t\t\t\t\t\t\t<p>For those who want to become <strong>body psychotherapists<\/strong>. The program covers the fundamentals of ITOP, work with <strong>trauma, bioenergetics, conscious movement, and breath<\/strong>, and <strong>transpersonal approaches<\/strong>. The focus is on the development <strong>of expertise, ethics, and personal stability<\/strong> for effective work with clients.<\/p>\t\t\t\t\t\t\t\t<\/div>\n\t\t\t\t<\/div>\n\t\t\t\t<div class=\"elementor-element elementor-element-ca1ff19 elementor-mobile-align-center elementor-widget elementor-widget-button\" data-id=\"ca1ff19\" data-element_type=\"widget\" data-widget_type=\"button.default\">\n\t\t\t\t<div class=\"elementor-widget-container\">\n\t\t\t\t\t\t\t\t\t<div class=\"elementor-button-wrapper\">\n\t\t\t\t\t<a class=\"elementor-button elementor-button-link elementor-size-sm\" href=\"https:\/\/www.cir-intp.com\/terapijski-rad\/\" target=\"_blank\" rel=\"noopener\">\n\t\t\t\t\t\t<span class=\"elementor-button-content-wrapper\">\n\t\t\t\t\t\t\t\t\t<span class=\"elementor-button-text\">View the program<\/span>\n\t\t\t\t\t<\/span>\n\t\t\t\t\t<\/a>\n\t\t\t\t<\/div>\n\t\t\t\t\t\t\t\t<\/div>\n\t\t\t\t<\/div>\n\t\t\t\t<\/div>\n\t\t\t\t<div class=\"elementor-element elementor-element-cb12c0f elementor-widget elementor-widget-image\" data-id=\"cb12c0f\" data-element_type=\"widget\" data-widget_type=\"image.default\">\n\t\t\t\t<div class=\"elementor-widget-container\">\n\t\t\t\t\t\t\t\t\t\t\t\t\t\t\t<img decoding=\"async\" width=\"1024\" height=\"768\" src=\"https:\/\/www.ninasenecic.com\/wp-content\/uploads\/2025\/11\/1728799108788-1024x768.jpg\" class=\"attachment-large size-large wp-image-4687\" alt=\"\" srcset=\"https:\/\/www.ninasenecic.com\/wp-content\/uploads\/2025\/11\/1728799108788-1024x768.jpg 1024w, https:\/\/www.ninasenecic.com\/wp-content\/uploads\/2025\/11\/1728799108788-300x225.jpg 300w, https:\/\/www.ninasenecic.com\/wp-content\/uploads\/2025\/11\/1728799108788-768x576.jpg 768w, https:\/\/www.ninasenecic.com\/wp-content\/uploads\/2025\/11\/1728799108788-1536x1152.jpg 1536w, https:\/\/www.ninasenecic.com\/wp-content\/uploads\/2025\/11\/1728799108788-2048x1536.jpg 2048w, https:\/\/www.ninasenecic.com\/wp-content\/uploads\/2025\/11\/1728799108788-16x12.jpg 16w\" sizes=\"(max-width: 1024px) 100vw, 1024px\" \/>\t\t\t\t\t\t\t\t\t\t\t\t\t\t\t<\/div>\n\t\t\t\t<\/div>\n\t\t\t\t<\/div>\n\t\t\t\t<\/div>\n\t\t\t\t\t<\/div>\n\t\t\t\t<\/div>\n\t\t<div class=\"elementor-element elementor-element-08bc085 e-flex e-con-boxed wpr-particle-no wpr-jarallax-no wpr-parallax-no wpr-sticky-section-no e-con e-parent\" data-id=\"08bc085\" data-element_type=\"container\" data-settings=\"{&quot;background_background&quot;:&quot;classic&quot;,&quot;shape_divider_top&quot;:&quot;waves&quot;}\">\n\t\t\t\t\t<div class=\"e-con-inner\">\n\t\t\t\t<div class=\"elementor-shape elementor-shape-top\" aria-hidden=\"true\" data-negative=\"false\">\n\t\t\t<svg xmlns=\"http:\/\/www.w3.org\/2000\/svg\" viewbox=\"0 0 1000 100\" preserveaspectratio=\"none\">\n\t<path class=\"elementor-shape-fill\" d=\"M421.9,6.5c22.6-2.5,51.5,0.4,75.5,5.3c23.6,4.9,70.9,23.5,100.5,35.7c75.8,32.2,133.7,44.5,192.6,49.7\tc23.6,2.1,48.7,3.5,103.4-2.5c54.7-6,106.2-25.6,106.2-25.6V0H0v30.3c0,0,72,32.6,158.4,30.5c39.2-0.7,92.8-6.7,134-22.4\tc21.2-8.1,52.2-18.2,79.7-24.2C399.3,7.9,411.6,7.5,421.9,6.5z\"\/>\n<\/svg>\t\t<\/div>\n\t\t<div class=\"elementor-element elementor-element-9fdbd09 e-con-full e-flex wpr-particle-no wpr-jarallax-no wpr-parallax-no wpr-sticky-section-no e-con e-child\" data-id=\"9fdbd09\" data-element_type=\"container\">\n\t\t\t\t<div class=\"elementor-element elementor-element-f933c6a elementor-widget elementor-widget-heading\" data-id=\"f933c6a\" data-element_type=\"widget\" data-widget_type=\"heading.default\">\n\t\t\t\t<div class=\"elementor-widget-container\">\n\t\t\t\t\t<h2 class=\"elementor-heading-title elementor-size-default\">Why choose CIR INTP training<\/h2>\t\t\t\t<\/div>\n\t\t\t\t<\/div>\n\t\t\t\t<div class=\"elementor-element elementor-element-9e0dac5 elementor-widget elementor-widget-text-editor\" data-id=\"9e0dac5\" data-element_type=\"widget\" data-widget_type=\"text-editor.default\">\n\t\t\t\t<div class=\"elementor-widget-container\">\n\t\t\t\t\t\t\t\t\t<ul role=\"list\"><li><strong>Integrative approach<\/strong> \u2013 we combine theory, practice, and experience.<\/li><li><strong>Professional guidance<\/strong> \u2013 educators with over ten years of experience in individual and group work.<\/li><li><strong>Accreditation and standards<\/strong> \u2013 programs aligned with European and international standards (EABP, ECP, HKPT, SKZP).<\/li><li><strong>A safe and supportive framework<\/strong> \u2013 the training follows a pace that respects each individual's process.<\/li><\/ul>\t\t\t\t\t\t\t\t<\/div>\n\t\t\t\t<\/div>\n\t\t\t\t<\/div>\n\t\t\t\t\t<\/div>\n\t\t\t\t<\/div>\n\t\t<div class=\"elementor-element elementor-element-439cbf0 e-con-full e-flex wpr-particle-no wpr-jarallax-no wpr-parallax-no wpr-sticky-section-no e-con e-parent\" data-id=\"439cbf0\" data-element_type=\"container\" data-settings=\"{&quot;background_background&quot;:&quot;classic&quot;}\">\n\t\t<div class=\"elementor-element elementor-element-b3c45bd e-flex e-con-boxed wpr-particle-no wpr-jarallax-no wpr-parallax-no wpr-sticky-section-no e-con e-child\" data-id=\"b3c45bd\" data-element_type=\"container\">\n\t\t\t\t\t<div class=\"e-con-inner\">\n\t\t\t\t<div class=\"elementor-element elementor-element-169cb48 elementor-widget elementor-widget-heading\" data-id=\"169cb48\" data-element_type=\"widget\" data-widget_type=\"heading.default\">\n\t\t\t\t<div class=\"elementor-widget-container\">\n\t\t\t\t\t<h2 class=\"elementor-heading-title elementor-size-default\">Applications and information<\/h2>\t\t\t\t<\/div>\n\t\t\t\t<\/div>\n\t\t\t\t<div class=\"elementor-element elementor-element-c31af74 elementor-widget elementor-widget-text-editor\" data-id=\"c31af74\" data-element_type=\"widget\" data-widget_type=\"text-editor.default\">\n\t\t\t\t<div class=\"elementor-widget-container\">\n\t\t\t\t\t\t\t\t\t<p>If you feel called to explore yourself more deeply or develop professional competencies for working with others, our programs provide safe and expert support on this journey.<\/p>\t\t\t\t\t\t\t\t<\/div>\n\t\t\t\t<\/div>\n\t\t<div class=\"elementor-element elementor-element-cc11e21 e-con-full e-flex wpr-particle-no wpr-jarallax-no wpr-parallax-no wpr-sticky-section-no e-con e-child\" data-id=\"cc11e21\" data-element_type=\"container\">\n\t\t\t\t<div class=\"elementor-element elementor-element-0fbf1ca elementor-mobile-align-center elementor-widget elementor-widget-button\" data-id=\"0fbf1ca\" data-element_type=\"widget\" data-widget_type=\"button.default\">\n\t\t\t\t<div class=\"elementor-widget-container\">\n\t\t\t\t\t\t\t\t\t<div class=\"elementor-button-wrapper\">\n\t\t\t\t\t<a class=\"elementor-button elementor-button-link elementor-size-sm\" href=\"https:\/\/www.cir-intp.com\/\" target=\"_blank\" rel=\"noopener\">\n\t\t\t\t\t\t<span class=\"elementor-button-content-wrapper\">\n\t\t\t\t\t\t\t\t\t<span class=\"elementor-button-text\">Visit the CIR website<\/span>\n\t\t\t\t\t<\/span>\n\t\t\t\t\t<\/a>\n\t\t\t\t<\/div>\n\t\t\t\t\t\t\t\t<\/div>\n\t\t\t\t<\/div>\n\t\t\t\t<div class=\"elementor-element elementor-element-30e9f58 elementor-mobile-align-center elementor-widget elementor-widget-button\" data-id=\"30e9f58\" data-element_type=\"widget\" data-widget_type=\"button.default\">\n\t\t\t\t<div class=\"elementor-widget-container\">\n\t\t\t\t\t\t\t\t\t<div class=\"elementor-button-wrapper\">\n\t\t\t\t\t<a class=\"elementor-button elementor-button-link elementor-size-sm\" href=\"#kontakt\">\n\t\t\t\t\t\t<span class=\"elementor-button-content-wrapper\">\n\t\t\t\t\t\t\t\t\t<span class=\"elementor-button-text\">Sign up for the mailing list<\/span>\n\t\t\t\t\t<\/span>\n\t\t\t\t\t<\/a>\n\t\t\t\t<\/div>\n\t\t\t\t\t\t\t\t<\/div>\n\t\t\t\t<\/div>\n\t\t\t\t<\/div>\n\t\t\t\t\t<\/div>\n\t\t\t\t<\/div>\n\t\t\t\t<\/div>\n\t\t\t\t<\/div>","protected":false},"excerpt":{"rendered":"<p>Edukacije Edukacijski programi za osobni i profesionalni razvoj Ako osje\u0107a\u0161 poziv za dubljim osobnim rastom ili \u017eeli\u0161 zapo\u010deti profesionalno \u0161kolovanje u podru\u010dju integrativne tjelesno orijentirane psihoterapije, na\u0161i edukacijski programi nude siguran i strukturiran okvir za u\u010denje, istra\u017eivanje i transformaciju.Na\u0161 pristup spaja iskustvene metode, multidisciplinarnu teoriju i stru\u010dno vodstvo, omogu\u0107uju\u0107i ti da: istra\u017ei\u0161 dublje slojeve svog tijela, uma i emocija, razvije\u0161 unutarnje resurse i kapacitet za regulaciju, stekne\u0161 znanja i vje\u0161tine koje podr\u017eavaju osobni i profesionalni rast. Pogledaj CIR INTP STRANICU Po\u0161alji upit Na\u0161i programi Dvogodi\u0161nji program \u2013 Osobni razvoj Program za one koji \u017eele dublje razumjeti sebe i odnose te razviti unutarnju stabilnost, autenti\u010dnost i proto\u010dnost. Polaznici kroz iskustveni rad stje\u010du sigurnost, razumijevanje emocija i alate za uzemljenje i kreativnost u svakodnevnom \u017eivotu. Pogledaj program Petogodi\u0161nji program \u2013 Profesionalno \u0161kolovanje Za one koji \u017eele postati tjelesni psihoterapeuti. Program obuhva\u0107a temelje ITOP-a, rad s traumom, bioenergetiku, svjesni pokret i dah, te transpersonalne pristupe. Fokus je na razvoju stru\u010dnosti, etike i osobne stabilnosti za kvalitetan rad s klijentima. Pogledaj program Za\u0161to odabrati CIR INTP edukaciju Integrativni pristup \u2013 spajamo teoriju, praksu i iskustvo. Stru\u010dno vodstvo \u2013 edukatori s vi\u0161e od deset godina prakse u individualnom i grupnom radu. Akreditacija i standardi \u2013 programi uskla\u0111eni s europskim i me\u0111unarodnim standardima (EABP, ECP, HKPT, SKZP). Siguran i podr\u017eavaju\u0107i okvir \u2013 edukacija se odvija ritmom koji po\u0161tuje proces svake osobe. Prijave i informacije Ako osje\u0107a\u0161 poziv da dublje istra\u017ei\u0161 sebe ili razvije\u0161 profesionalne kompetencije za rad s drugima, na\u0161i programi pru\u017eaju sigurnu i stru\u010dnu podr\u0161ku na tom putu. Posjeti CIR stranicu Upi\u0161i se na mailing listu<\/p>","protected":false},"author":3,"featured_media":0,"parent":0,"menu_order":0,"comment_status":"closed","ping_status":"closed","template":"elementor_header_footer","meta":{"_acf_changed":false,"footnotes":""},"class_list":["post-4398","page","type-page","status-publish","hentry"],"blocksy_meta":[],"acf":[],"_links":{"self":[{"href":"https:\/\/www.ninasenecic.com\/en\/wp-json\/wp\/v2\/pages\/4398"}],"collection":[{"href":"https:\/\/www.ninasenecic.com\/en\/wp-json\/wp\/v2\/pages"}],"about":[{"href":"https:\/\/www.ninasenecic.com\/en\/wp-json\/wp\/v2\/types\/page"}],"author":[{"embeddable":true,"href":"https:\/\/www.ninasenecic.com\/en\/wp-json\/wp\/v2\/users\/3"}],"replies":[{"embeddable":true,"href":"https:\/\/www.ninasenecic.com\/en\/wp-json\/wp\/v2\/comments?post=4398"}],"version-history":[{"count":23,"href":"https:\/\/www.ninasenecic.com\/en\/wp-json\/wp\/v2\/pages\/4398\/revisions"}],"predecessor-version":[{"id":4894,"href":"https:\/\/www.ninasenecic.com\/en\/wp-json\/wp\/v2\/pages\/4398\/revisions\/4894"}],"wp:attachment":[{"href":"https:\/\/www.ninasenecic.com\/en\/wp-json\/wp\/v2\/media?parent=4398"}],"curies":[{"name":"wp","href":"https:\/\/api.w.org\/{rel}","templated":true}]}}