{"id":4361,"date":"2025-10-17T18:21:22","date_gmt":"2025-10-17T17:21:22","guid":{"rendered":"https:\/\/www.ninasenecic.com\/?page_id=4361"},"modified":"2025-11-24T20:31:58","modified_gmt":"2025-11-24T19:31:58","slug":"coaching","status":"publish","type":"page","link":"https:\/\/www.ninasenecic.com\/en\/coaching\/","title":{"rendered":"Coaching"},"content":{"rendered":"<div data-elementor-type=\"wp-page\" data-elementor-id=\"4361\" class=\"elementor elementor-4361\">\n\t\t\t\t<div class=\"elementor-element elementor-element-6cd8d17e e-flex e-con-boxed wpr-particle-no wpr-jarallax-no wpr-parallax-no wpr-sticky-section-no e-con e-parent\" data-id=\"6cd8d17e\" data-element_type=\"container\">\n\t\t\t\t\t<div class=\"e-con-inner\">\n\t\t\t\t<div class=\"elementor-element elementor-element-c53e0c7 elementor-widget elementor-widget-heading\" data-id=\"c53e0c7\" data-element_type=\"widget\" data-widget_type=\"heading.default\">\n\t\t\t\t<div class=\"elementor-widget-container\">\n\t\t\t\t\t<h2 class=\"elementor-heading-title elementor-size-default\">Coaching<\/h2>\t\t\t\t<\/div>\n\t\t\t\t<\/div>\n\t\t\t\t<div class=\"elementor-element elementor-element-98f23f0 elementor-widget elementor-widget-text-editor\" data-id=\"98f23f0\" data-element_type=\"widget\" data-widget_type=\"text-editor.default\">\n\t\t\t\t<div class=\"elementor-widget-container\">\n\t\t\t\t\t\t\t\t\t<p>Personal and professional<\/p>\t\t\t\t\t\t\t\t<\/div>\n\t\t\t\t<\/div>\n\t\t\t\t\t<\/div>\n\t\t\t\t<\/div>\n\t\t<div class=\"elementor-element elementor-element-731b112 e-flex e-con-boxed wpr-particle-no wpr-jarallax-no wpr-parallax-no wpr-sticky-section-no e-con e-parent\" data-id=\"731b112\" data-element_type=\"container\">\n\t\t\t\t\t<div class=\"e-con-inner\">\n\t\t\t\t<div class=\"elementor-element elementor-element-fd56a82 elementor-widget elementor-widget-image\" data-id=\"fd56a82\" data-element_type=\"widget\" data-widget_type=\"image.default\">\n\t\t\t\t<div class=\"elementor-widget-container\">\n\t\t\t\t\t\t\t\t\t\t\t\t\t\t\t<img fetchpriority=\"high\" decoding=\"async\" width=\"1024\" height=\"682\" src=\"https:\/\/www.ninasenecic.com\/wp-content\/uploads\/2025\/11\/477-1-1024x682.jpg\" class=\"attachment-large size-large wp-image-4786\" alt=\"\" srcset=\"https:\/\/www.ninasenecic.com\/wp-content\/uploads\/2025\/11\/477-1-1024x682.jpg 1024w, https:\/\/www.ninasenecic.com\/wp-content\/uploads\/2025\/11\/477-1-300x200.jpg 300w, https:\/\/www.ninasenecic.com\/wp-content\/uploads\/2025\/11\/477-1-768x512.jpg 768w, https:\/\/www.ninasenecic.com\/wp-content\/uploads\/2025\/11\/477-1-1536x1024.jpg 1536w, https:\/\/www.ninasenecic.com\/wp-content\/uploads\/2025\/11\/477-1-18x12.jpg 18w, https:\/\/www.ninasenecic.com\/wp-content\/uploads\/2025\/11\/477-1.jpg 2000w\" sizes=\"(max-width: 1024px) 100vw, 1024px\" \/>\t\t\t\t\t\t\t\t\t\t\t\t\t\t\t<\/div>\n\t\t\t\t<\/div>\n\t\t\t\t<div class=\"elementor-element elementor-element-3fca58a elementor-widget elementor-widget-text-editor\" data-id=\"3fca58a\" data-element_type=\"widget\" data-widget_type=\"text-editor.default\">\n\t\t\t\t<div class=\"elementor-widget-container\">\n\t\t\t\t\t\t\t\t\t<p><strong>Coaching<\/strong> is a safe partnership in which we explore your goals, resources, and potentials. The process encourages clarity, focus, and action directed towards personal and professional growth. In my work, I combine <strong>coaching methods with a somatic approach<\/strong> and <strong>regulation of the nervous system<\/strong>, so that the change is <strong>odr\u017eiva i autenti\u010dna<\/strong>. The goal is the development of <strong>internal leadership, clarity, and stability<\/strong> u skladu sa sobom.<\/p>\t\t\t\t\t\t\t\t<\/div>\n\t\t\t\t<\/div>\n\t\t\t\t\t<\/div>\n\t\t\t\t<\/div>\n\t\t<div class=\"elementor-element elementor-element-31ee62d e-con-full e-flex wpr-particle-no wpr-jarallax-no wpr-parallax-no wpr-sticky-section-no e-con e-parent\" data-id=\"31ee62d\" data-element_type=\"container\" data-settings=\"{&quot;shape_divider_bottom&quot;:&quot;waves&quot;}\">\n\t\t\t\t<div class=\"elementor-shape elementor-shape-bottom\" aria-hidden=\"true\" data-negative=\"false\">\n\t\t\t<svg xmlns=\"http:\/\/www.w3.org\/2000\/svg\" viewbox=\"0 0 1000 100\" preserveaspectratio=\"none\">\n\t<path class=\"elementor-shape-fill\" d=\"M421.9,6.5c22.6-2.5,51.5,0.4,75.5,5.3c23.6,4.9,70.9,23.5,100.5,35.7c75.8,32.2,133.7,44.5,192.6,49.7\tc23.6,2.1,48.7,3.5,103.4-2.5c54.7-6,106.2-25.6,106.2-25.6V0H0v30.3c0,0,72,32.6,158.4,30.5c39.2-0.7,92.8-6.7,134-22.4\tc21.2-8.1,52.2-18.2,79.7-24.2C399.3,7.9,411.6,7.5,421.9,6.5z\"\/>\n<\/svg>\t\t<\/div>\n\t\t<div class=\"elementor-element elementor-element-b0a6eda e-grid e-con-boxed wpr-particle-no wpr-jarallax-no wpr-parallax-no wpr-sticky-section-no e-con e-child\" data-id=\"b0a6eda\" data-element_type=\"container\">\n\t\t\t\t\t<div class=\"e-con-inner\">\n\t\t<div class=\"elementor-element elementor-element-5119a61 e-con-full e-flex wpr-particle-no wpr-jarallax-no wpr-parallax-no wpr-sticky-section-no e-con e-child\" data-id=\"5119a61\" data-element_type=\"container\" data-settings=\"{&quot;background_background&quot;:&quot;classic&quot;}\">\n\t\t\t\t<div class=\"elementor-element elementor-element-006685c elementor-widget elementor-widget-image\" data-id=\"006685c\" data-element_type=\"widget\" data-widget_type=\"image.default\">\n\t\t\t\t<div class=\"elementor-widget-container\">\n\t\t\t\t\t\t\t\t\t\t\t\t\t\t\t<img decoding=\"async\" width=\"812\" height=\"1024\" src=\"https:\/\/www.ninasenecic.com\/wp-content\/uploads\/2025\/10\/Foto-4-812x1024.jpg\" class=\"attachment-large size-large wp-image-4509\" alt=\"\" srcset=\"https:\/\/www.ninasenecic.com\/wp-content\/uploads\/2025\/10\/Foto-4-812x1024.jpg 812w, https:\/\/www.ninasenecic.com\/wp-content\/uploads\/2025\/10\/Foto-4-238x300.jpg 238w, https:\/\/www.ninasenecic.com\/wp-content\/uploads\/2025\/10\/Foto-4-768x969.jpg 768w, https:\/\/www.ninasenecic.com\/wp-content\/uploads\/2025\/10\/Foto-4-1217x1536.jpg 1217w, https:\/\/www.ninasenecic.com\/wp-content\/uploads\/2025\/10\/Foto-4-1623x2048.jpg 1623w, https:\/\/www.ninasenecic.com\/wp-content\/uploads\/2025\/10\/Foto-4-10x12.jpg 10w, https:\/\/www.ninasenecic.com\/wp-content\/uploads\/2025\/10\/Foto-4-scaled.jpg 2029w\" sizes=\"(max-width: 812px) 100vw, 812px\" \/>\t\t\t\t\t\t\t\t\t\t\t\t\t\t\t<\/div>\n\t\t\t\t<\/div>\n\t\t<div class=\"elementor-element elementor-element-9c36c88 e-con-full e-flex wpr-particle-no wpr-jarallax-no wpr-parallax-no wpr-sticky-section-no e-con e-child\" data-id=\"9c36c88\" data-element_type=\"container\">\n\t\t\t\t<div class=\"elementor-element elementor-element-ff1e2f4 elementor-widget elementor-widget-heading\" data-id=\"ff1e2f4\" data-element_type=\"widget\" data-widget_type=\"heading.default\">\n\t\t\t\t<div class=\"elementor-widget-container\">\n\t\t\t\t\t<h2 class=\"elementor-heading-title elementor-size-default\">Personal coaching<\/h2>\t\t\t\t<\/div>\n\t\t\t\t<\/div>\n\t\t\t\t<div class=\"elementor-element elementor-element-2b1abcd elementor-widget elementor-widget-text-editor\" data-id=\"2b1abcd\" data-element_type=\"widget\" data-widget_type=\"text-editor.default\">\n\t\t\t\t<div class=\"elementor-widget-container\">\n\t\t\t\t\t\t\t\t\t<p>Personal coaching gives <strong>structured space<\/strong> for exploring internal resources and defining steps towards change. It helps in raising awareness of <strong>values, goals, and internal leadership<\/strong>, making decisions from <strong>clarity and stability<\/strong> and building habits that support growth and well-being.\u2028It often complements therapeutic work, turning insights into <strong>concrete changes.<\/strong><\/p>\t\t\t\t\t\t\t\t<\/div>\n\t\t\t\t<\/div>\n\t\t\t\t<\/div>\n\t\t\t\t<\/div>\n\t\t<div class=\"elementor-element elementor-element-4cea53c e-con-full e-flex wpr-particle-no wpr-jarallax-no wpr-parallax-no wpr-sticky-section-no e-con e-child\" data-id=\"4cea53c\" data-element_type=\"container\" data-settings=\"{&quot;background_background&quot;:&quot;classic&quot;}\">\n\t\t<div class=\"elementor-element elementor-element-3a10a63 e-con-full e-flex wpr-particle-no wpr-jarallax-no wpr-parallax-no wpr-sticky-section-no e-con e-child\" data-id=\"3a10a63\" data-element_type=\"container\">\n\t\t\t\t<div class=\"elementor-element elementor-element-f8af1b6 elementor-widget elementor-widget-heading\" data-id=\"f8af1b6\" data-element_type=\"widget\" data-widget_type=\"heading.default\">\n\t\t\t\t<div class=\"elementor-widget-container\">\n\t\t\t\t\t<h2 class=\"elementor-heading-title elementor-size-default\">Professional coaching<\/h2>\t\t\t\t<\/div>\n\t\t\t\t<\/div>\n\t\t\t\t<div class=\"elementor-element elementor-element-9add467 elementor-widget elementor-widget-text-editor\" data-id=\"9add467\" data-element_type=\"widget\" data-widget_type=\"text-editor.default\">\n\t\t\t\t<div class=\"elementor-widget-container\">\n\t\t\t\t\t\t\t\t\t<p>Professional coaching brings <strong>focus, stability, and clarity<\/strong> in a professional context. It helps in making <strong>decisions<\/strong>, development of <strong>leadership and communication<\/strong>, strengthening <strong>team resilience<\/strong> and supports <strong>changes and growth of organizations<\/strong>. It becomes a tool for <strong>transformation of culture<\/strong> through trust, innovativeness, and motivation of employees.<\/p>\t\t\t\t\t\t\t\t<\/div>\n\t\t\t\t<\/div>\n\t\t\t\t<\/div>\n\t\t\t\t<div class=\"elementor-element elementor-element-6e4810a elementor-widget elementor-widget-image\" data-id=\"6e4810a\" data-element_type=\"widget\" data-widget_type=\"image.default\">\n\t\t\t\t<div class=\"elementor-widget-container\">\n\t\t\t\t\t\t\t\t\t\t\t\t\t\t\t<img decoding=\"async\" width=\"1024\" height=\"683\" src=\"https:\/\/www.ninasenecic.com\/wp-content\/uploads\/2025\/10\/Foto-6-1024x683.jpg\" class=\"attachment-large size-large wp-image-4508\" alt=\"\" srcset=\"https:\/\/www.ninasenecic.com\/wp-content\/uploads\/2025\/10\/Foto-6-1024x683.jpg 1024w, https:\/\/www.ninasenecic.com\/wp-content\/uploads\/2025\/10\/Foto-6-300x200.jpg 300w, https:\/\/www.ninasenecic.com\/wp-content\/uploads\/2025\/10\/Foto-6-768x512.jpg 768w, https:\/\/www.ninasenecic.com\/wp-content\/uploads\/2025\/10\/Foto-6-1536x1024.jpg 1536w, https:\/\/www.ninasenecic.com\/wp-content\/uploads\/2025\/10\/Foto-6-2048x1365.jpg 2048w, https:\/\/www.ninasenecic.com\/wp-content\/uploads\/2025\/10\/Foto-6-18x12.jpg 18w\" sizes=\"(max-width: 1024px) 100vw, 1024px\" \/>\t\t\t\t\t\t\t\t\t\t\t\t\t\t\t<\/div>\n\t\t\t\t<\/div>\n\t\t\t\t<\/div>\n\t\t\t\t\t<\/div>\n\t\t\t\t<\/div>\n\t\t\t\t<\/div>\n\t\t<div class=\"elementor-element elementor-element-c46868a e-grid e-con-boxed wpr-particle-no wpr-jarallax-no wpr-parallax-no wpr-sticky-section-no e-con e-parent\" data-id=\"c46868a\" data-element_type=\"container\" data-settings=\"{&quot;background_background&quot;:&quot;classic&quot;}\">\n\t\t\t\t\t<div class=\"e-con-inner\">\n\t\t<div class=\"elementor-element elementor-element-617c9ff e-con-full e-flex wpr-particle-no wpr-jarallax-no wpr-parallax-no wpr-sticky-section-no e-con e-child\" data-id=\"617c9ff\" data-element_type=\"container\">\n\t\t\t\t<div class=\"elementor-element elementor-element-501727b elementor-widget elementor-widget-heading\" data-id=\"501727b\" data-element_type=\"widget\" data-widget_type=\"heading.default\">\n\t\t\t\t<div class=\"elementor-widget-container\">\n\t\t\t\t\t<h2 class=\"elementor-heading-title elementor-size-default\">What does the process look like<\/h2>\t\t\t\t<\/div>\n\t\t\t\t<\/div>\n\t\t\t\t<div class=\"elementor-element elementor-element-f417676 elementor-widget elementor-widget-text-editor\" data-id=\"f417676\" data-element_type=\"widget\" data-widget_type=\"text-editor.default\">\n\t\t\t\t<div class=\"elementor-widget-container\">\n\t\t\t\t\t\t\t\t\t<p>Coaching is <strong>individualized and structured<\/strong>, but flexible according to your rhythm. It includes defining goals, setting the framework for work, regular sessions, and adaptation according to needs. The following are used <strong>somatik tools<\/strong> like breath and bodily anchoring for deeper integration and <strong>embodied change.<\/strong><\/p>\t\t\t\t\t\t\t\t<\/div>\n\t\t\t\t<\/div>\n\t\t\t\t<\/div>\n\t\t<div class=\"elementor-element elementor-element-bd10311 e-con-full e-flex wpr-particle-no wpr-jarallax-no wpr-parallax-no wpr-sticky-section-no e-con e-child\" data-id=\"bd10311\" data-element_type=\"container\">\n\t\t\t\t<div class=\"elementor-element elementor-element-11c192d elementor-widget elementor-widget-heading\" data-id=\"11c192d\" data-element_type=\"widget\" data-widget_type=\"heading.default\">\n\t\t\t\t<div class=\"elementor-widget-container\">\n\t\t\t\t\t<h2 class=\"elementor-heading-title elementor-size-default\">Why choose this approach<\/h2>\t\t\t\t<\/div>\n\t\t\t\t<\/div>\n\t\t\t\t<div class=\"elementor-element elementor-element-c546267 elementor-widget elementor-widget-text-editor\" data-id=\"c546267\" data-element_type=\"widget\" data-widget_type=\"text-editor.default\">\n\t\t\t\t<div class=\"elementor-widget-container\">\n\t\t\t\t\t\t\t\t\t<ul role=\"list\"><li><strong>Integrativity<\/strong> \u2013 combines coaching and somatic awareness.<\/li><li><strong>Sustainability of change<\/strong> \u2013 changes become a part of everyday life.<\/li><li><strong>Authenticity<\/strong> \u2013 returns you to internal values.<\/li><li><strong>Experience<\/strong> \u2013 more than 10 years of work with individuals and teams.<\/li><\/ul>\t\t\t\t\t\t\t\t<\/div>\n\t\t\t\t<\/div>\n\t\t\t\t<\/div>\n\t\t\t\t\t<\/div>\n\t\t\t\t<\/div>\n\t\t\t\t<\/div>","protected":false},"excerpt":{"rendered":"<p>Coaching Osobni i poslovni Coaching je sigurno partnerstvo u kojem istra\u017eujemo tvoje ciljeve, resurse i potencijale. Proces poti\u010de jasno\u0107u, fokus i akciju usmjerenu prema osobnom i profesionalnom rastu. U radu spajam coaching metode sa somatskim pristupom i regulacijom \u017eiv\u010danog sustava, kako bi promjena bila odr\u017eiva i autenti\u010dna. Cilj je razvoj unutarnjeg vodstva, jasno\u0107e i stabilnosti u skladu sa sobom. Osobni coaching Osobni coaching pru\u017ea strukturiran prostor za istra\u017eivanje unutarnjih resursa i definiranje koraka prema promjeni. Poma\u017ee u osvje\u0161tavanju vrijednosti, ciljeva i unutarnjeg vodstva, dono\u0161enju odluka iz jasno\u0107e i stabilnosti te izgradnji navika koje podr\u017eavaju rast i dobrobit.\u2028\u010cesto nadopunjuje terapijski rad, pretvaraju\u0107i uvide u konkretne promjene. Poslovni coaching Poslovni coaching donosi fokusiranost, stabilnost i jasno\u0107u u profesionalnom kontekstu. Poma\u017ee u dono\u0161enju odluka, razvoju leadershipa i komunikacije, ja\u010danju timske otpornosti te podr\u017eava promjene i rast organizacija. Postaje alat za transformaciju kulture kroz povjerenje, inovativnost i motivaciju zaposlenih. Kako izgleda proces Coaching je individualiziran i strukturiran, ali fleksibilan prema tvom ritmu. Obuhva\u0107a definiranje ciljeva, postavljanje okvira rada, redovne sesije i prilagodbu prema potrebama. Koriste se somatski alati poput daha i tjelesnog sidrenja za dublju integraciju i utjelovljenu promjenu. Za\u0161to odabrati ovaj pristup Integrativnost \u2013 spaja coaching i somatsku svjesnost. Odr\u017eivost promjene \u2013 promjene postaju dio svakodnevice. Autenti\u010dnost \u2013 vra\u0107a te unutarnjim vrijednostima. Iskustvo \u2013 vi\u0161e od 10 godina rada s pojedincima i timovima.<\/p>","protected":false},"author":3,"featured_media":0,"parent":0,"menu_order":0,"comment_status":"closed","ping_status":"closed","template":"elementor_header_footer","meta":{"_acf_changed":false,"footnotes":""},"class_list":["post-4361","page","type-page","status-publish","hentry"],"blocksy_meta":[],"acf":[],"_links":{"self":[{"href":"https:\/\/www.ninasenecic.com\/en\/wp-json\/wp\/v2\/pages\/4361"}],"collection":[{"href":"https:\/\/www.ninasenecic.com\/en\/wp-json\/wp\/v2\/pages"}],"about":[{"href":"https:\/\/www.ninasenecic.com\/en\/wp-json\/wp\/v2\/types\/page"}],"author":[{"embeddable":true,"href":"https:\/\/www.ninasenecic.com\/en\/wp-json\/wp\/v2\/users\/3"}],"replies":[{"embeddable":true,"href":"https:\/\/www.ninasenecic.com\/en\/wp-json\/wp\/v2\/comments?post=4361"}],"version-history":[{"count":26,"href":"https:\/\/www.ninasenecic.com\/en\/wp-json\/wp\/v2\/pages\/4361\/revisions"}],"predecessor-version":[{"id":4898,"href":"https:\/\/www.ninasenecic.com\/en\/wp-json\/wp\/v2\/pages\/4361\/revisions\/4898"}],"wp:attachment":[{"href":"https:\/\/www.ninasenecic.com\/en\/wp-json\/wp\/v2\/media?parent=4361"}],"curies":[{"name":"wp","href":"https:\/\/api.w.org\/{rel}","templated":true}]}}